{"id":1844,"date":"2023-06-05T22:02:43","date_gmt":"2023-06-05T22:02:43","guid":{"rendered":"https:\/\/westseed.ca\/envio\/"},"modified":"2023-08-02T20:33:19","modified_gmt":"2023-08-02T20:33:19","slug":"envio","status":"publish","type":"page","link":"https:\/\/westseed.ca\/es\/envio\/","title":{"rendered":"Env\u00edo"},"content":{"rendered":"\t\t<div data-elementor-type=\"wp-page\" data-elementor-id=\"1844\" class=\"elementor elementor-1844 elementor-198\" data-elementor-post-type=\"page\">\n\t\t\t\t\t\t\t<div class=\"elementor-element elementor-element-616f4b65 e-flex e-con-boxed e-con e-parent\" data-id=\"616f4b65\" data-element_type=\"container\" data-settings=\"{&quot;background_background&quot;:&quot;classic&quot;,&quot;container_type&quot;:&quot;flex&quot;,&quot;content_width&quot;:&quot;boxed&quot;}\" data-core-v316-plus=\"true\">\n\t\t\t\t\t<div class=\"e-con-inner\">\n\t\t\t\t<div class=\"elementor-element elementor-element-23c77ce7 elementor-widget elementor-widget-heading\" data-id=\"23c77ce7\" data-element_type=\"widget\" data-widget_type=\"heading.default\">\n\t\t\t\t<div class=\"elementor-widget-container\">\n\t\t\t<style>\/*! elementor - v3.16.0 - 17-10-2023 *\/\n.elementor-heading-title{padding:0;margin:0;line-height:1}.elementor-widget-heading .elementor-heading-title[class*=elementor-size-]>a{color:inherit;font-size:inherit;line-height:inherit}.elementor-widget-heading .elementor-heading-title.elementor-size-small{font-size:15px}.elementor-widget-heading .elementor-heading-title.elementor-size-medium{font-size:19px}.elementor-widget-heading .elementor-heading-title.elementor-size-large{font-size:29px}.elementor-widget-heading .elementor-heading-title.elementor-size-xl{font-size:39px}.elementor-widget-heading .elementor-heading-title.elementor-size-xxl{font-size:59px}<\/style><h2 class=\"elementor-heading-title elementor-size-default\">Env\u00edo<\/h2>\t\t<\/div>\n\t\t\t\t<\/div>\n\t\t\t\t<div class=\"elementor-element elementor-element-68cf22bd elementor-widget__width-initial elementor-widget elementor-widget-text-editor\" data-id=\"68cf22bd\" data-element_type=\"widget\" data-widget_type=\"text-editor.default\">\n\t\t\t\t<div class=\"elementor-widget-container\">\n\t\t\t<style>\/*! elementor - v3.16.0 - 17-10-2023 *\/\n.elementor-widget-text-editor.elementor-drop-cap-view-stacked .elementor-drop-cap{background-color:#69727d;color:#fff}.elementor-widget-text-editor.elementor-drop-cap-view-framed .elementor-drop-cap{color:#69727d;border:3px solid;background-color:transparent}.elementor-widget-text-editor:not(.elementor-drop-cap-view-default) .elementor-drop-cap{margin-top:8px}.elementor-widget-text-editor:not(.elementor-drop-cap-view-default) .elementor-drop-cap-letter{width:1em;height:1em}.elementor-widget-text-editor .elementor-drop-cap{float:left;text-align:center;line-height:1;font-size:50px}.elementor-widget-text-editor .elementor-drop-cap-letter{display:inline-block}<\/style>\t\t\t\t<p>Lorem ipsum dolor sit amet, consectetur adipiscing elit. Ut elit tellus, luctus nec ullamcorper mattis, pulvinar dapibus leo.Lorem ipsum dolor sit amet, consectetur adipiscing elit. Ut elit tellus, luctus nec ullamcorper mattis, pulvinar dapibus leo.Lorem ipsum dolor sit amet, consectetur adipiscing elit. Ut elit tellus, luctus nec ullamcorper mattis, pulvinar dapibus leo.Lorem ipsum dolor sit amet, consectetur adipiscing elit. Ut elit tellus, luctus nec ullamcorper mattis, pulvinar dapibus leo.<\/p>\n\t\t\t\t\t\t<\/div>\n\t\t\t\t<\/div>\n\t\t\t\t\t<\/div>\n\t\t\t\t<\/div>\n\t\t<div class=\"elementor-element elementor-element-2b105190 e-flex e-con-boxed e-con e-parent\" data-id=\"2b105190\" data-element_type=\"container\" data-settings=\"{&quot;container_type&quot;:&quot;flex&quot;,&quot;content_width&quot;:&quot;boxed&quot;}\" data-core-v316-plus=\"true\">\n\t\t\t\t\t<div class=\"e-con-inner\">\n\t\t\t\t<div class=\"elementor-element elementor-element-66d070c2 elementor-widget elementor-widget-heading\" data-id=\"66d070c2\" data-element_type=\"widget\" data-widget_type=\"heading.default\">\n\t\t\t\t<div class=\"elementor-widget-container\">\n\t\t\t<h1 class=\"elementor-heading-title elementor-size-default\">Env\u00edo<\/h1>\t\t<\/div>\n\t\t\t\t<\/div>\n\t\t\t\t\t<\/div>\n\t\t\t\t<\/div>\n\t\t<div class=\"elementor-element elementor-element-1223a816 e-flex e-con-boxed e-con e-parent\" data-id=\"1223a816\" data-element_type=\"container\" data-settings=\"{&quot;container_type&quot;:&quot;flex&quot;,&quot;content_width&quot;:&quot;boxed&quot;}\" data-core-v316-plus=\"true\">\n\t\t\t\t\t<div class=\"e-con-inner\">\n\t\t\t\t<div class=\"elementor-element elementor-element-375dcbe2 elementor-widget elementor-widget-text-editor\" data-id=\"375dcbe2\" data-element_type=\"widget\" data-widget_type=\"text-editor.default\">\n\t\t\t\t<div class=\"elementor-widget-container\">\n\t\t\t\t\t\t\t<p>Todos los productos que aparecen en el sitio web de Rocket Seeds contienen un 0,3% de THC Delta-9 o menos. Ninguna de las afirmaciones contenidas en este sitio web ha sido evaluada por la Food and Drug Administration (FDA). Adem\u00e1s, las afirmaciones contenidas en este sitio web NO deben interpretarse como consejos m\u00e9dicos ni como afirmaciones relativas a la curaci\u00f3n de ninguna enfermedad. Los productos vendidos por Rocket Seeds no est\u00e1n destinados a ser utilizados para diagnosticar, tratar, curar o prevenir ninguna enfermedad.<\/p>\n<h2><strong>Descargo de responsabilidad<\/strong><\/h2>\n<p>Al comprar productos de Rocket Seeds, usted acepta nuestro Aviso Legal oficial, nuestros T\u00e9rminos y Condiciones y nuestra Pol\u00edtica de Privacidad.<\/p>\n<p>Asimismo, reconoce que todos los productos disponibles en Rocket Seeds se consideran art\u00edculos novedosos, recuerdos, art\u00edculos para adultos o coleccionables en general. La informaci\u00f3n sobre nuestras semillas y otros productos se facilita \u00fanicamente con fines educativos y de entretenimiento.<\/p>\n<p>Nuestro personal tiene la capacidad legal de rechazar transacciones financieras si creemos que un cliente planea utilizar semillas para plantar y cosechar en un pa\u00eds o municipio donde el cannabis o las Semillas de Cannabis se consideran una sustancia ilegal.<\/p>\n<p>Aunque muchas personas pueden compartir an\u00e9cdotas de que han recibido experiencias positivas del uso de cannabis y semillas de cannabis, las semillas y la planta no han sido evaluadas por Health Canada o la Administraci\u00f3n de Alimentos y Medicamentos de EE.UU. para la eficacia general o como parte de los esfuerzos de investigaci\u00f3n aprobados.<\/p>\n<p>Rocket Seeds no pretende proporcionar informaci\u00f3n sanitaria actual ni informaci\u00f3n que pueda considerarse una alternativa a los datos facilitados por los profesionales sanitarios. Se recomienda a las personas que tengan preguntas sobre el cannabis y sus posibles efectos y complicaciones en el cuerpo humano que hablen de la planta con su m\u00e9dico personal.<\/p>\n<p>Este descargo de responsabilidad es exigido por la Ley Federal de Alimentos, Medicamentos y Cosm\u00e9ticos.<\/p>\n<p>Al comprar semillas y otros productos de Rocket Seeds, se recomienda a los visitantes del sitio que lean la informaci\u00f3n disponible sobre el cannabis y las semillas de cannabis, incluida su situaci\u00f3n legal en varios estados y pa\u00edses, junto con las diversas leyes estatales y nacionales que definen su uso y cultivo.<\/p>\n<p>Los visitantes del sitio deben aceptar las siguientes normas:<\/p>\n<ul>\n<li>Tienen al menos 18 a\u00f1os<\/li>\n<li>No distribuir\u00e1n nuestras semillas en lugares donde se consideren ilegales<\/li>\n<li>No comprar\u00e1n semillas si viven en un lugar donde son ilegales<\/li>\n<li>No cultivar\u00e1n semillas si las leyes de su ciudad, estado o pa\u00eds proh\u00edben esta pr\u00e1ctica.<\/li>\n<li>Considerar\u00e1n las semillas como art\u00edculos novedosos y las utilizar\u00e1n para su fin legal<\/li>\n<li>No responsabilizar\u00e1n a Rocket Seeds si sufren alguna consecuencia por utilizar las semillas de una manera que exceda su definici\u00f3n legal.<\/li>\n<li>Viven en una zona donde est\u00e1 permitida la compra de semillas<\/li>\n<li>Viven en una zona en la que est\u00e1 permitida la investigaci\u00f3n en l\u00ednea de productos de cannabis<\/li>\n<li>La informaci\u00f3n obtenida o los productos adquiridos se considerar\u00e1n \u00fanicamente con fines educativos.<\/li>\n<\/ul>\n<p>La regulaci\u00f3n de las semillas de cannabis se enmarca en la Convenci\u00f3n \u00danica de las Naciones Unidas de 1961 sobre estupefacientes, que dio lugar a varios tratados internacionales.<\/p>\n<p>Uno de los resultados de esto es que los Pa\u00edses Bajos tienen mayor libertad para que la gente compre y venda semillas de cannabis sin permiso como parte de sus leyes de la Ley del Opio. Canad\u00e1 tambi\u00e9n permite el cultivo de cannabis, y cada hogar adulto puede cultivar un peque\u00f1o n\u00famero de plantas para uso personal.<\/p>\n<p>La normativa sobre semillas en otros pa\u00edses va desde una libertad similar para cultivar y vender, hasta pa\u00edses que tienen prohibiciones y fuertes sanciones por abuso. A menudo no est\u00e1 claro, por la situaci\u00f3n de los tratados y permisos existentes, si cualquier posesi\u00f3n se considera un delito perseguible o si existen excepciones disponibles para la investigaci\u00f3n cl\u00ednica, las necesidades m\u00e9dicas o los fines agr\u00edcolas.<\/p>\n<p>Si eres un nuevo comprador en Rocket Seeds, te animamos a que te informes sobre las normas y regulaciones sobre Semillas de Cannabis de la zona en la que vives. Esto puede incluir restricciones locales a trav\u00e9s de su municipio, normas estatales o provinciales, normas federales y cualquier norma internacional que pueda abordarse.<\/p>\n<p>Este conocimiento le ayudar\u00e1 a proporcionar respuestas correctas y actuales cuando le hagan esta pregunta al comprar en Rocket Seeds.<\/p>\n<p>Rocket Seeds no aceptar\u00e1 ninguna reclamaci\u00f3n de responsabilidad por productos defectuosos. Tampoco intervendr\u00e1 en circunstancias en las que alguien pueda enfrentarse a consecuencias legales por poseer, vender o intentar cultivar semillas en un municipio donde no est\u00e1n permitidas.<\/p>\n<p>Aunque cada comunidad tiene diferentes regulaciones en torno al cannabis y las semillas de cannabis, Rocket Seeds no est\u00e1 involucrado en ninguna legislaci\u00f3n o el desarrollo de pol\u00edticas en cualquier pa\u00eds o municipio.<\/p>\n<p>Nos centramos en la entrega de semillas compradas con la seguridad de que el comprador ha completado su investigaci\u00f3n y es consciente de las restricciones legales en su \u00e1rea particular.<\/p>\n\t\t\t\t\t\t<\/div>\n\t\t\t\t<\/div>\n\t\t\t\t\t<\/div>\n\t\t\t\t<\/div>\n\t\t<div class=\"elementor-element elementor-element-2d434e7f e-flex e-con-boxed e-con e-parent\" data-id=\"2d434e7f\" data-element_type=\"container\" data-settings=\"{&quot;container_type&quot;:&quot;flex&quot;,&quot;content_width&quot;:&quot;boxed&quot;}\" data-core-v316-plus=\"true\">\n\t\t\t\t\t<div class=\"e-con-inner\">\n\t\t<div class=\"elementor-element elementor-element-1519b7e9 e-flex e-con-boxed e-con e-child\" data-id=\"1519b7e9\" data-element_type=\"container\" data-settings=\"{&quot;container_type&quot;:&quot;flex&quot;,&quot;content_width&quot;:&quot;boxed&quot;}\">\n\t\t\t\t\t<div class=\"e-con-inner\">\n\t\t<div class=\"elementor-element elementor-element-6c6ec8a3 e-flex e-con-boxed e-con e-child\" data-id=\"6c6ec8a3\" data-element_type=\"container\" data-settings=\"{&quot;container_type&quot;:&quot;flex&quot;,&quot;content_width&quot;:&quot;boxed&quot;}\">\n\t\t\t\t\t<div class=\"e-con-inner\">\n\t\t<div class=\"elementor-element elementor-element-1e042191 e-flex e-con-boxed e-con e-child\" data-id=\"1e042191\" data-element_type=\"container\" data-settings=\"{&quot;background_background&quot;:&quot;classic&quot;,&quot;container_type&quot;:&quot;flex&quot;,&quot;content_width&quot;:&quot;boxed&quot;}\">\n\t\t\t\t\t<div class=\"e-con-inner\">\n\t\t\t\t<div class=\"elementor-element elementor-element-1c4f0110 elementor-widget elementor-widget-heading\" data-id=\"1c4f0110\" data-element_type=\"widget\" data-widget_type=\"heading.default\">\n\t\t\t\t<div class=\"elementor-widget-container\">\n\t\t\t<h2 class=\"elementor-heading-title elementor-size-default\">Seguimiento del pedido<\/h2>\t\t<\/div>\n\t\t\t\t<\/div>\n\t\t\t\t<div class=\"elementor-element elementor-element-1b763a4 elementor-widget elementor-widget-text-editor\" data-id=\"1b763a4\" data-element_type=\"widget\" data-widget_type=\"text-editor.default\">\n\t\t\t\t<div class=\"elementor-widget-container\">\n\t\t\t\t\t\t\t<p>Lorem fistrum por la gloria de mi madre esse jarl aliqua llevame al sircoo. De la pradera ullamco qu\u00e9 dise usteer est\u00e1 la cosa muy malar.<\/p>\t\t\t\t\t\t<\/div>\n\t\t\t\t<\/div>\n\t\t\t\t<div class=\"elementor-element elementor-element-37296ca7 elementor-button-align-stretch elementor-widget elementor-widget-form\" data-id=\"37296ca7\" data-element_type=\"widget\" data-settings=\"{&quot;step_next_label&quot;:&quot;Siguiente&quot;,&quot;step_previous_label&quot;:&quot;Anterior&quot;,&quot;button_width&quot;:&quot;100&quot;,&quot;step_type&quot;:&quot;number_text&quot;,&quot;step_icon_shape&quot;:&quot;circle&quot;}\" data-widget_type=\"form.default\">\n\t\t\t\t<div class=\"elementor-widget-container\">\n\t\t\t<style>\/*! elementor-pro - v3.16.0 - 20-09-2023 *\/\n.elementor-button.elementor-hidden,.elementor-hidden{display:none}.e-form__step{width:100%}.e-form__step:not(.elementor-hidden){display:flex;flex-wrap:wrap}.e-form__buttons{flex-wrap:wrap}.e-form__buttons,.e-form__buttons__wrapper{display:flex}.e-form__indicators{display:flex;justify-content:space-between;align-items:center;flex-wrap:nowrap;font-size:13px;margin-bottom:var(--e-form-steps-indicators-spacing)}.e-form__indicators__indicator{display:flex;flex-direction:column;align-items:center;justify-content:center;flex-basis:0;padding:0 var(--e-form-steps-divider-gap)}.e-form__indicators__indicator__progress{width:100%;position:relative;background-color:var(--e-form-steps-indicator-progress-background-color);border-radius:var(--e-form-steps-indicator-progress-border-radius);overflow:hidden}.e-form__indicators__indicator__progress__meter{width:var(--e-form-steps-indicator-progress-meter-width,0);height:var(--e-form-steps-indicator-progress-height);line-height:var(--e-form-steps-indicator-progress-height);padding-right:15px;border-radius:var(--e-form-steps-indicator-progress-border-radius);background-color:var(--e-form-steps-indicator-progress-color);color:var(--e-form-steps-indicator-progress-meter-color);text-align:right;transition:width .1s linear}.e-form__indicators__indicator:first-child{padding-left:0}.e-form__indicators__indicator:last-child{padding-right:0}.e-form__indicators__indicator--state-inactive{color:var(--e-form-steps-indicator-inactive-primary-color,#c2cbd2)}.e-form__indicators__indicator--state-inactive [class*=indicator--shape-]:not(.e-form__indicators__indicator--shape-none){background-color:var(--e-form-steps-indicator-inactive-secondary-color,#fff)}.e-form__indicators__indicator--state-inactive object,.e-form__indicators__indicator--state-inactive svg{fill:var(--e-form-steps-indicator-inactive-primary-color,#c2cbd2)}.e-form__indicators__indicator--state-active{color:var(--e-form-steps-indicator-active-primary-color,#39b54a);border-color:var(--e-form-steps-indicator-active-secondary-color,#fff)}.e-form__indicators__indicator--state-active [class*=indicator--shape-]:not(.e-form__indicators__indicator--shape-none){background-color:var(--e-form-steps-indicator-active-secondary-color,#fff)}.e-form__indicators__indicator--state-active object,.e-form__indicators__indicator--state-active svg{fill:var(--e-form-steps-indicator-active-primary-color,#39b54a)}.e-form__indicators__indicator--state-completed{color:var(--e-form-steps-indicator-completed-secondary-color,#fff)}.e-form__indicators__indicator--state-completed [class*=indicator--shape-]:not(.e-form__indicators__indicator--shape-none){background-color:var(--e-form-steps-indicator-completed-primary-color,#39b54a)}.e-form__indicators__indicator--state-completed .e-form__indicators__indicator__label{color:var(--e-form-steps-indicator-completed-primary-color,#39b54a)}.e-form__indicators__indicator--state-completed .e-form__indicators__indicator--shape-none{color:var(--e-form-steps-indicator-completed-primary-color,#39b54a);background-color:initial}.e-form__indicators__indicator--state-completed object,.e-form__indicators__indicator--state-completed svg{fill:var(--e-form-steps-indicator-completed-secondary-color,#fff)}.e-form__indicators__indicator__icon{width:var(--e-form-steps-indicator-padding,30px);height:var(--e-form-steps-indicator-padding,30px);font-size:var(--e-form-steps-indicator-icon-size);border-width:1px;border-style:solid;display:flex;justify-content:center;align-items:center;overflow:hidden;margin-bottom:10px}.e-form__indicators__indicator__icon img,.e-form__indicators__indicator__icon object,.e-form__indicators__indicator__icon svg{width:var(--e-form-steps-indicator-icon-size);height:auto}.e-form__indicators__indicator__icon .e-font-icon-svg{height:1em}.e-form__indicators__indicator__number{width:var(--e-form-steps-indicator-padding,30px);height:var(--e-form-steps-indicator-padding,30px);border-width:1px;border-style:solid;display:flex;justify-content:center;align-items:center;margin-bottom:10px}.e-form__indicators__indicator--shape-circle{border-radius:50%}.e-form__indicators__indicator--shape-square{border-radius:0}.e-form__indicators__indicator--shape-rounded{border-radius:5px}.e-form__indicators__indicator--shape-none{border:0}.e-form__indicators__indicator__label{text-align:center}.e-form__indicators__indicator__separator{width:100%;height:var(--e-form-steps-divider-width);background-color:#babfc5}.e-form__indicators--type-icon,.e-form__indicators--type-icon_text,.e-form__indicators--type-number,.e-form__indicators--type-number_text{align-items:flex-start}.e-form__indicators--type-icon .e-form__indicators__indicator__separator,.e-form__indicators--type-icon_text .e-form__indicators__indicator__separator,.e-form__indicators--type-number .e-form__indicators__indicator__separator,.e-form__indicators--type-number_text .e-form__indicators__indicator__separator{margin-top:calc(var(--e-form-steps-indicator-padding, 30px) \/ 2 - var(--e-form-steps-divider-width, 1px) \/ 2)}.elementor-field-type-hidden{display:none}.elementor-field-type-html{display:inline-block}.elementor-login .elementor-lost-password,.elementor-login .elementor-remember-me{font-size:.85em}.elementor-field-type-recaptcha_v3 .elementor-field-label{display:none}.elementor-field-type-recaptcha_v3 .grecaptcha-badge{z-index:1}.elementor-button .elementor-form-spinner{order:3}.elementor-form .elementor-button>span{display:flex;justify-content:center;align-items:center}.elementor-form .elementor-button .elementor-button-text{white-space:normal;flex-grow:0}.elementor-form .elementor-button svg{height:auto}.elementor-form .elementor-button .e-font-icon-svg{height:1em}.elementor-select-wrapper .select-caret-down-wrapper{position:absolute;top:50%;transform:translateY(-50%);inset-inline-end:10px;pointer-events:none;font-size:11px}.elementor-select-wrapper .select-caret-down-wrapper svg{display:unset;width:1em;aspect-ratio:unset;fill:currentColor}.elementor-select-wrapper .select-caret-down-wrapper i{font-size:19px;line-height:2}.elementor-select-wrapper.remove-before:before{content:\"\"!important}<\/style>\t\t<form class=\"elementor-form\" method=\"post\" name=\"Pista\">\n\t\t\t<input type=\"hidden\" name=\"post_id\" value=\"1844\"\/>\n\t\t\t<input type=\"hidden\" name=\"form_id\" value=\"37296ca7\"\/>\n\t\t\t<input type=\"hidden\" name=\"referer_title\" value=\"\" \/>\n\n\t\t\t\n\t\t\t<div class=\"elementor-form-fields-wrapper elementor-labels-\">\n\t\t\t\t\t\t\t\t<div class=\"elementor-field-type-text elementor-field-group elementor-column elementor-field-group-name elementor-col-100\">\n\t\t\t\t\t\t\t\t\t\t\t\t\t<input size=\"1\" type=\"text\" name=\"form_fields[name]\" id=\"form-field-name\" class=\"elementor-field elementor-size-sm  elementor-field-textual\" placeholder=\"Correo electr\u00f3nico\">\n\t\t\t\t\t\t\t\t\t\t\t<\/div>\n\t\t\t\t\t\t\t\t<div class=\"elementor-field-type-text elementor-field-group elementor-column elementor-field-group-field_9688c3b elementor-col-100\">\n\t\t\t\t\t\t\t\t\t\t\t\t\t<input size=\"1\" type=\"text\" name=\"form_fields[field_9688c3b]\" id=\"form-field-field_9688c3b\" class=\"elementor-field elementor-size-sm  elementor-field-textual\" placeholder=\"N\u00famero de pedido\">\n\t\t\t\t\t\t\t\t\t\t\t<\/div>\n\t\t\t\t\t\t\t\t<div class=\"elementor-field-group elementor-column elementor-field-type-submit elementor-col-100 e-form__buttons\">\n\t\t\t\t\t<button type=\"submit\" class=\"elementor-button elementor-size-sm\">\n\t\t\t\t\t\t<span >\n\t\t\t\t\t\t\t\t\t\t\t\t\t\t\t<span class=\" elementor-button-icon\">\n\t\t\t\t\t\t\t\t\t\t\t\t\t\t\t\t\t\t\t\t\t\t\t\t\t\t<\/span>\n\t\t\t\t\t\t\t\t\t\t\t\t\t\t\t\t\t\t\t\t\t\t<span class=\"elementor-button-text\">Orden de seguimiento<\/span>\n\t\t\t\t\t\t\t\t\t\t\t\t\t<\/span>\n\t\t\t\t\t<\/button>\n\t\t\t\t<\/div>\n\t\t\t<\/div>\n\t\t<\/form>\n\t\t\t\t<\/div>\n\t\t\t\t<\/div>\n\t\t\t\t\t<\/div>\n\t\t\t\t<\/div>\n\t\t\t\t\t<\/div>\n\t\t\t\t<\/div>\n\t\t\t\t\t<\/div>\n\t\t\t\t<\/div>\n\t\t\t\t\t<\/div>\n\t\t\t\t<\/div>\n\t\t\t\t\t\t\t<\/div>\n\t\t","protected":false},"excerpt":{"rendered":"<p>Env\u00edo Lorem ipsum dolor sit amet, consectetur adipiscing elit. Ut elit tellus, luctus nec ullamcorper mattis, pulvinar dapibus leo.Lorem ipsum dolor sit amet, consectetur adipiscing elit. Ut elit tellus, luctus nec ullamcorper mattis, pulvinar dapibus leo.Lorem ipsum dolor sit amet, consectetur adipiscing elit. Ut elit tellus, luctus nec ullamcorper mattis, pulvinar dapibus leo.Lorem ipsum dolor [&hellip;]<\/p>\n","protected":false},"author":2,"featured_media":0,"parent":0,"menu_order":0,"comment_status":"closed","ping_status":"closed","template":"","meta":{"inline_featured_image":false,"footnotes":""},"class_list":["post-1844","page","type-page","status-publish","hentry"],"acf":[],"_links":{"self":[{"href":"https:\/\/westseed.ca\/es\/wp-json\/wp\/v2\/pages\/1844","targetHints":{"allow":["GET"]}}],"collection":[{"href":"https:\/\/westseed.ca\/es\/wp-json\/wp\/v2\/pages"}],"about":[{"href":"https:\/\/westseed.ca\/es\/wp-json\/wp\/v2\/types\/page"}],"author":[{"embeddable":true,"href":"https:\/\/westseed.ca\/es\/wp-json\/wp\/v2\/users\/2"}],"replies":[{"embeddable":true,"href":"https:\/\/westseed.ca\/es\/wp-json\/wp\/v2\/comments?post=1844"}],"version-history":[{"count":0,"href":"https:\/\/westseed.ca\/es\/wp-json\/wp\/v2\/pages\/1844\/revisions"}],"wp:attachment":[{"href":"https:\/\/westseed.ca\/es\/wp-json\/wp\/v2\/media?parent=1844"}],"curies":[{"name":"wp","href":"https:\/\/api.w.org\/{rel}","templated":true}]}}