{"id":1860,"date":"2023-06-05T22:02:50","date_gmt":"2023-06-05T22:02:50","guid":{"rendered":"https:\/\/westseed.ca\/sobre-nosotros\/"},"modified":"2023-09-15T18:18:36","modified_gmt":"2023-09-15T18:18:36","slug":"sobre-nosotros","status":"publish","type":"page","link":"https:\/\/westseed.ca\/es\/sobre-nosotros\/","title":{"rendered":"Qui\u00e9nes somos"},"content":{"rendered":"\t\t<div data-elementor-type=\"wp-page\" data-elementor-id=\"1860\" class=\"elementor elementor-1860 elementor-246\" data-elementor-post-type=\"page\">\n\t\t\t\t\t\t\t<div class=\"elementor-element elementor-element-3f41de81 e-flex e-con-boxed e-con e-parent\" data-id=\"3f41de81\" data-element_type=\"container\" data-settings=\"{&quot;container_type&quot;:&quot;flex&quot;,&quot;content_width&quot;:&quot;boxed&quot;}\" data-core-v316-plus=\"true\">\n\t\t\t\t\t<div class=\"e-con-inner\">\n\t\t\t\t<div class=\"elementor-element elementor-element-4285069c elementor-widget elementor-widget-heading\" data-id=\"4285069c\" data-element_type=\"widget\" data-widget_type=\"heading.default\">\n\t\t\t\t<div class=\"elementor-widget-container\">\n\t\t\t<style>\/*! elementor - v3.16.0 - 17-10-2023 *\/\n.elementor-heading-title{padding:0;margin:0;line-height:1}.elementor-widget-heading .elementor-heading-title[class*=elementor-size-]>a{color:inherit;font-size:inherit;line-height:inherit}.elementor-widget-heading .elementor-heading-title.elementor-size-small{font-size:15px}.elementor-widget-heading .elementor-heading-title.elementor-size-medium{font-size:19px}.elementor-widget-heading .elementor-heading-title.elementor-size-large{font-size:29px}.elementor-widget-heading .elementor-heading-title.elementor-size-xl{font-size:39px}.elementor-widget-heading .elementor-heading-title.elementor-size-xxl{font-size:59px}<\/style><h2 class=\"elementor-heading-title elementor-size-default\">Acerca del equipo de West Seed Co.  <\/h2>\t\t<\/div>\n\t\t\t\t<\/div>\n\t\t\t\t<div class=\"elementor-element elementor-element-114181e9 elementor-widget__width-initial elementor-widget elementor-widget-text-editor\" data-id=\"114181e9\" data-element_type=\"widget\" data-widget_type=\"text-editor.default\">\n\t\t\t\t<div class=\"elementor-widget-container\">\n\t\t\t<style>\/*! elementor - v3.16.0 - 17-10-2023 *\/\n.elementor-widget-text-editor.elementor-drop-cap-view-stacked .elementor-drop-cap{background-color:#69727d;color:#fff}.elementor-widget-text-editor.elementor-drop-cap-view-framed .elementor-drop-cap{color:#69727d;border:3px solid;background-color:transparent}.elementor-widget-text-editor:not(.elementor-drop-cap-view-default) .elementor-drop-cap{margin-top:8px}.elementor-widget-text-editor:not(.elementor-drop-cap-view-default) .elementor-drop-cap-letter{width:1em;height:1em}.elementor-widget-text-editor .elementor-drop-cap{float:left;text-align:center;line-height:1;font-size:50px}.elementor-widget-text-editor .elementor-drop-cap-letter{display:inline-block}<\/style>\t\t\t\t<p><strong>En West Seed Co. somos un grupo de entusiastas con sede en Vancouver, BC. Nuestro principal objetivo es compartir conocimientos y gen\u00e9ticas excepcionales con los entusiastas del cannabis de todo el mundo.  <\/strong><\/p>\n<p><strong>Tras haber experimentado personalmente las frustraciones que conlleva la compra de semillas, hemos identificado tres problemas fundamentales a los que se enfrentan muchos cultivadores:<\/strong><\/p>\n<p><strong> <\/strong><\/p>\n<ul>\n<li><strong>El abrumador reto de elegir los productos adecuados adaptados a las necesidades individuales. Entendemos que cada cultivador tiene unas necesidades \u00fanicas, y la abundancia de variedades que ofrecen la mayor\u00eda de las tiendas de semillas a menudo lleva a la confusi\u00f3n m\u00e1s que a la claridad. En West Seed Co., nos comprometemos a agilizar tu proceso de selecci\u00f3n curando una colecci\u00f3n meticulosamente elegida de cepas que realmente importan a cultivadores como t\u00fa. Diga adi\u00f3s a las opciones innecesarias y opte por una colecci\u00f3n que se ajuste a sus preferencias y objetivos.<\/strong><\/li>\n<\/ul>\n<p><strong> <\/strong><\/p>\n<ul>\n<li><strong>La necesidad de apoyo y orientaci\u00f3n tras la compra. Creemos firmemente que nuestra relaci\u00f3n con usted va m\u00e1s all\u00e1 del punto de venta. A diferencia de otras tiendas de semillas que dan prioridad a la venta de semillas por encima de su \u00e9xito, nosotros nos preocupamos de verdad por su viaje de cultivo. Nuestro equipo le ofrece apoyo y asistencia continuos durante todo el proceso de cultivo. Tanto si se enfrenta a desaf\u00edos como si busca asesoramiento experto, estamos aqu\u00ed para echarle una mano y garantizarle el \u00e9xito de su cosecha.<\/strong><\/li>\n<\/ul>\n<p><strong> <\/strong><\/p>\n<ul>\n<li><strong>Informaci\u00f3n anticuada y poco cient\u00edfica en las gu\u00edas de cultivo. El mundo del cultivo de cannabis evoluciona constantemente, y mantenerse a la vanguardia de los avances cient\u00edficos y las mejores pr\u00e1cticas es crucial. Por desgracia, muchas gu\u00edas actuales se basan en informaci\u00f3n obsoleta que puede obstaculizar su progreso. En West Seed Co., nuestro principal objetivo es revolucionar la forma en que los cultivadores compran semillas, ofreciendo no s\u00f3lo una gen\u00e9tica excepcional, sino tambi\u00e9n recursos de vanguardia respaldados cient\u00edficamente. Comienza con nuestra exclusiva calculadora de cultivo (westseed.ca\/calculator\/), que ya ayuda a los cultivadores a calcular las condiciones ambientales cruciales, y contin\u00faa con nuestros art\u00edculos. Nuestras gu\u00edas se basan en una investigaci\u00f3n meticulosa y se actualizan peri\u00f3dicamente para ofrecer las \u00faltimas ideas y t\u00e9cnicas que tienen sentido en un sector que avanza tan r\u00e1pidamente como el actual.<\/strong><\/li>\n<\/ul>\n<p><strong> <\/strong><\/p>\n<p><strong>El equipo de West Seed Co. se ha comprometido a remodelar la forma en que los cultivadores obtienen nuevas gen\u00e9ticas abordando estas cuestiones cr\u00edticas. Nos apasiona proporcionarle los conocimientos y el apoyo que necesita para prosperar en su viaje de cultivo.<\/strong><\/p>\n\t\t\t\t\t\t<\/div>\n\t\t\t\t<\/div>\n\t\t\t\t<div class=\"elementor-element elementor-element-3ae43cad elementor-widget elementor-widget-heading\" data-id=\"3ae43cad\" data-element_type=\"widget\" data-widget_type=\"heading.default\">\n\t\t\t\t<div class=\"elementor-widget-container\">\n\t\t\t<h2 class=\"elementor-heading-title elementor-size-default\">Especializaci\u00f3n estricta<\/h2>\t\t<\/div>\n\t\t\t\t<\/div>\n\t\t<div class=\"elementor-element elementor-element-6eb62ede e-flex e-con-boxed e-con e-child\" data-id=\"6eb62ede\" data-element_type=\"container\" data-settings=\"{&quot;container_type&quot;:&quot;flex&quot;,&quot;content_width&quot;:&quot;boxed&quot;}\">\n\t\t\t\t\t<div class=\"e-con-inner\">\n\t\t\t\t<div class=\"elementor-element elementor-element-7c73e3dd elementor-widget__width-initial elementor-widget elementor-widget-text-editor\" data-id=\"7c73e3dd\" data-element_type=\"widget\" data-widget_type=\"text-editor.default\">\n\t\t\t\t<div class=\"elementor-widget-container\">\n\t\t\t\t\t\t\t<p><strong>Nuestra estricta especializaci\u00f3n es nuestra principal ventaja sobre otras tiendas de semillas, y la calidad por encima de la cantidad es el camino a seguir.<\/strong><\/p>\n<p><strong>Estamos orgullosos de nuestro cat\u00e1logo, cuidadosamente seleccionado por nuestros especialistas. Seleccionamos s\u00f3lo las mejores semillas con una gen\u00e9tica s\u00f3lida y creemos en la entrega de resultados y la calidad, no s\u00f3lo un n\u00famero de fantas\u00eda en el sitio web.<\/strong><\/p>\n<p><strong>Nos apasionan nuestros productos y creemos que cada puesto de nuestra tienda es de la m\u00e1xima calidad. Nuestra dedicaci\u00f3n a nuestro oficio se refleja en la gen\u00e9tica superior de nuestras semillas, garantizando que nuestros clientes reciban s\u00f3lo lo mejor.<\/strong><\/p>\n<p><strong>En West Seed Co. nos enorgullecemos de ser una tienda de semillas que defiende sus valores. Nos comprometemos a ofrecer a nuestros clientes productos y servicios de la m\u00e1xima calidad, y nuestra estricta especializaci\u00f3n garantiza que siempre cumplamos nuestra promesa. Experimente hoy mismo la diferencia de West Seed Co.<\/strong><\/p>\n\t\t\t\t\t\t<\/div>\n\t\t\t\t<\/div>\n\t\t\t\t<div class=\"elementor-element elementor-element-3b295a45 elementor-widget elementor-widget-image\" data-id=\"3b295a45\" data-element_type=\"widget\" data-widget_type=\"image.default\">\n\t\t\t\t<div class=\"elementor-widget-container\">\n\t\t\t<style>\/*! elementor - v3.16.0 - 17-10-2023 *\/\n.elementor-widget-image{text-align:center}.elementor-widget-image a{display:inline-block}.elementor-widget-image a img[src$=\".svg\"]{width:48px}.elementor-widget-image img{vertical-align:middle;display:inline-block}<\/style>\t\t\t\t\t\t\t\t\t\t\t\t<img loading=\"lazy\" decoding=\"async\" width=\"800\" height=\"600\" src=\"https:\/\/westseed.ca\/wp-content\/uploads\/2023\/07\/WEED.webp\" class=\"attachment-large size-large wp-image-1236\" alt=\"\" srcset=\"https:\/\/westseed.ca\/wp-content\/uploads\/2023\/07\/WEED.webp 1000w, https:\/\/westseed.ca\/wp-content\/uploads\/2023\/07\/WEED-300x225.webp 300w, https:\/\/westseed.ca\/wp-content\/uploads\/2023\/07\/WEED-768x576.webp 768w, https:\/\/westseed.ca\/wp-content\/uploads\/2023\/07\/WEED-600x450.webp 600w\" sizes=\"auto, (max-width: 800px) 100vw, 800px\" \/>\t\t\t\t\t\t\t\t\t\t\t\t\t\t\t<\/div>\n\t\t\t\t<\/div>\n\t\t\t\t\t<\/div>\n\t\t\t\t<\/div>\n\t\t\t\t<div class=\"elementor-element elementor-element-4395a7c elementor-widget elementor-widget-heading\" data-id=\"4395a7c\" data-element_type=\"widget\" data-widget_type=\"heading.default\">\n\t\t\t\t<div class=\"elementor-widget-container\">\n\t\t\t<h2 class=\"elementor-heading-title elementor-size-default\">Lo \u00faltimo de Insta<\/h2>\t\t<\/div>\n\t\t\t\t<\/div>\n\t\t<div class=\"elementor-element elementor-element-5c106d4 e-flex e-con-boxed e-con e-child\" data-id=\"5c106d4\" data-element_type=\"container\" data-settings=\"{&quot;container_type&quot;:&quot;flex&quot;,&quot;content_width&quot;:&quot;boxed&quot;}\">\n\t\t\t\t\t<div class=\"e-con-inner\">\n\t\t\t\t<div class=\"elementor-element elementor-element-996a5f2 instafeed-gallery-eael-col-3 elementor-widget__width-inherit elementor-hidden-desktop elementor-hidden-laptop elementor-hidden-tablet elementor-hidden-mobile elementor-widget elementor-widget-eael-instafeed\" data-id=\"996a5f2\" data-element_type=\"widget\" data-widget_type=\"eael-instafeed.default\">\n\t\t\t\t<div class=\"elementor-widget-container\">\n\t\t\t        <div class=\"eael-instafeed eael-instafeed-overlay eael-instafeed-overlay-simple eael-instafeed-square-img\" id=\"eael-instafeed-996a5f2\">\n                    <\/div>\n        <div class=\"clearfix\"><\/div>\n\n        \t\t<\/div>\n\t\t\t\t<\/div>\n\t\t\t\t\t<\/div>\n\t\t\t\t<\/div>\n\t\t\t\t\t<\/div>\n\t\t\t\t<\/div>\n\t\t\t\t\t\t\t<\/div>\n\t\t","protected":false},"excerpt":{"rendered":"<p>Acerca del equipo de West Seed Co. En West Seed Co. somos un grupo de entusiastas con sede en Vancouver, BC. Nuestro principal objetivo es compartir conocimientos y gen\u00e9ticas excepcionales con los entusiastas del cannabis de todo el mundo. Tras haber experimentado personalmente las frustraciones que conlleva la compra de semillas, hemos identificado tres problemas [&hellip;]<\/p>\n","protected":false},"author":2,"featured_media":0,"parent":0,"menu_order":0,"comment_status":"closed","ping_status":"closed","template":"elementor_header_footer","meta":{"inline_featured_image":false,"footnotes":""},"class_list":["post-1860","page","type-page","status-publish","hentry"],"acf":[],"_links":{"self":[{"href":"https:\/\/westseed.ca\/es\/wp-json\/wp\/v2\/pages\/1860","targetHints":{"allow":["GET"]}}],"collection":[{"href":"https:\/\/westseed.ca\/es\/wp-json\/wp\/v2\/pages"}],"about":[{"href":"https:\/\/westseed.ca\/es\/wp-json\/wp\/v2\/types\/page"}],"author":[{"embeddable":true,"href":"https:\/\/westseed.ca\/es\/wp-json\/wp\/v2\/users\/2"}],"replies":[{"embeddable":true,"href":"https:\/\/westseed.ca\/es\/wp-json\/wp\/v2\/comments?post=1860"}],"version-history":[{"count":0,"href":"https:\/\/westseed.ca\/es\/wp-json\/wp\/v2\/pages\/1860\/revisions"}],"wp:attachment":[{"href":"https:\/\/westseed.ca\/es\/wp-json\/wp\/v2\/media?parent=1860"}],"curies":[{"name":"wp","href":"https:\/\/api.w.org\/{rel}","templated":true}]}}