{"id":1825,"date":"2023-06-05T22:02:58","date_gmt":"2023-06-05T22:02:58","guid":{"rendered":"https:\/\/westseed.ca\/product\/fullgas\/"},"modified":"2023-08-16T18:19:11","modified_gmt":"2023-08-16T18:19:11","slug":"fullgas","status":"publish","type":"product","link":"https:\/\/westseed.ca\/es\/product\/fullgas\/","title":{"rendered":"\u00a1FULLGAS!"},"content":{"rendered":"<p>El \u00abFullgas!\u00bb es un homenaje a nuestro querido compa\u00f1ero fallecido, Franco Loja. La gente que conoc\u00eda a Franco sab\u00eda que su cepa favorita de todos los tiempos era la Cheese, en particular la Exodus Cheese.<\/p>\n<p>Este cruce es muy especial para la familia Green House Seeds porque este esqueje de Exodus Cheese fue seleccionado con Dust cuando Franco a\u00fan viv\u00eda en Barcelona all\u00e1 por 2015, y tiene un significado especial para nosotros. Quer\u00edamos a\u00f1adir algo vigoroso para emparejar esta incre\u00edble cepa que es la Exodus Cheese, de sabor tan complejo. Creemos que la mejor combinaci\u00f3n para esto, con notas gaseosas (que pensamos que le faltaban a la Exodus), es una de nuestras \u00faltimas selecciones de Sunset Sherbert x Diagonal OG de Cannarado Genetics.<\/p>\n<p>El fenotipo seleccionado ten\u00eda esa forma de cogollo y olor perfectos de la Diagonal OG pero con la cremosidad y dulzura de la Sunset, una mezcla perfecta de ambas con una hermosa estructura de planta t\u00edpica de la OG. El resultado fue un cruce impresionante que combina el olor potente y penetrante de la Exodus Cheese con la estructura de la planta y el vigor de la Sherbert OG.<\/p>\n<p>Un toque del sabor del gas aparece en la parte de fumar para traer una experiencia hermosa y sabrosa donde la dulzura del queso viene primero, y luego las notas amaderadas de la OG entran, \u00a1Gas completo! La planta tiene una fuerte ramificaci\u00f3n que puede aguantar algunos pesos heredada de la Sherbert OG con una estructura inmaculada y los sitios de los cogollos saliendo entre el tallo para formar cogollos compactos y redondos cubiertos de resina. Cuando se cultiva en interior, esta planta puede producir hasta 600g\/m2, y el tiempo de floraci\u00f3n es de 8-9 semanas. En exterior, puede producir hasta 800 g\/planta, con una altura media de 160-170 cm, y est\u00e1 lista para cosecharse hacia la tercera semana de septiembre (hemisferio norte).<\/p>\n<p>Los efectos son fuertes y rapidos y combinan el subidon de la salida con los fuertes efectos OH de la Sherbert OG, haciendola una gran fumada para relajarse.<\/p>\n","protected":false},"excerpt":{"rendered":"<p>Exodus Cheese X Sherbert OG es conocida por su acre aroma a combustible diesel y sus densos y pegajosos conos cubiertos de tricomas cristalinos. Un cogollo peque\u00f1o puede llenar una habitaci\u00f3n grande con un penetrante aroma a queso y diesel. Cuesta creer que un beb\u00e9 as\u00ed pueda hacer eso. Con un asombroso contenido de THC del 28%, esta variedad proporciona un subid\u00f3n de pensamientos similar a un tsunami y un efecto estimulante de larga duraci\u00f3n, por lo que es perfecta para atletas y personas activas. Es muy recomendable para los fumadores de alta tolerancia que buscan una variedad sativa dominante asesina, una variedad imprescindible con un crecimiento apto para principiantes y una potencia excepcional.<\/p>\n","protected":false},"featured_media":1725,"template":"","meta":{"inline_featured_image":false},"product_cat":[94,91],"product_tag":[95],"class_list":["post-1825","product","type-product","status-publish","has-post-thumbnail","hentry","product_cat-photoperiodic-strains-es","product_cat-all-breeders-es","product_tag-premium-uncommon-aa-seeds-es-2"],"acf":[],"_links":{"self":[{"href":"https:\/\/westseed.ca\/es\/wp-json\/wp\/v2\/product\/1825","targetHints":{"allow":["GET"]}}],"collection":[{"href":"https:\/\/westseed.ca\/es\/wp-json\/wp\/v2\/product"}],"about":[{"href":"https:\/\/westseed.ca\/es\/wp-json\/wp\/v2\/types\/product"}],"version-history":[{"count":0,"href":"https:\/\/westseed.ca\/es\/wp-json\/wp\/v2\/product\/1825\/revisions"}],"wp:featuredmedia":[{"embeddable":true,"href":"https:\/\/westseed.ca\/es\/wp-json\/wp\/v2\/media\/1725"}],"wp:attachment":[{"href":"https:\/\/westseed.ca\/es\/wp-json\/wp\/v2\/media?parent=1825"}],"wp:term":[{"taxonomy":"product_cat","embeddable":true,"href":"https:\/\/westseed.ca\/es\/wp-json\/wp\/v2\/product_cat?post=1825"},{"taxonomy":"product_tag","embeddable":true,"href":"https:\/\/westseed.ca\/es\/wp-json\/wp\/v2\/product_tag?post=1825"}],"curies":[{"name":"wp","href":"https:\/\/api.w.org\/{rel}","templated":true}]}}