{"id":1990,"date":"2023-07-04T22:48:02","date_gmt":"2023-07-04T22:48:02","guid":{"rendered":"https:\/\/westseed.ca\/product\/dientes-postizos\/"},"modified":"2023-07-04T22:48:02","modified_gmt":"2023-07-04T22:48:02","slug":"false-teeth","status":"publish","type":"product","link":"https:\/\/westseed.ca\/es\/product\/false-teeth\/","title":{"rendered":"False Teeth"},"content":{"rendered":"<p>False Teeth es un h\u00edbrido con dominancia \u00ab\u00edndica\u00bb es una notable combinaci\u00f3n de Grandpa&#8217;s Breath y Candyland.<\/p>\n<p>La False Teeth es una aut\u00e9ntica maravilla en la producci\u00f3n de resina, con abundantes tricomas pegajosos. Aunque los rendimientos pueden ser medios, la gran calidad y la copiosa cantidad de resina lo compensan. Los densos cogollos adoptan una forma \u00fanica que recuerda a dientes afilados y puntiagudos, lo que contribuye a su distintivo aspecto.<\/p>\n<p>La fragancia es una armoniosa mezcla de dulzura y kush con sutiles matices de suave amargor. Tienta los sentidos y prepara el terreno para una experiencia excepcional.<\/p>\n<p>Los efectos de los Dientes Postizos son a la vez agradables y potentes, proporcionando una experiencia s\u00f3lida a la vez que te mantienen plenamente consciente y alerta. Este subid\u00f3n tan completo le permitir\u00e1 disfrutar plenamente del momento sin sentirse abrumado. Consigue un equilibrio perfecto, proporcionando un efecto excelente y robusto que te dejar\u00e1 sinti\u00e9ndote animado y vigorizado.<\/p>\n","protected":false},"excerpt":{"rendered":"<p>False Teeth: rica en resina, arom\u00e1tica y potente. Parece diferente.<\/p>\n","protected":false},"featured_media":1765,"template":"","meta":{"inline_featured_image":false},"product_cat":[16,18],"product_tag":[20],"class_list":["post-1990","product","type-product","status-publish","has-post-thumbnail","hentry","product_cat-all-breeders","product_cat-photoperiodic-strains","product_tag-best-value-a-seeds"],"acf":[],"_links":{"self":[{"href":"https:\/\/westseed.ca\/es\/wp-json\/wp\/v2\/product\/1990","targetHints":{"allow":["GET"]}}],"collection":[{"href":"https:\/\/westseed.ca\/es\/wp-json\/wp\/v2\/product"}],"about":[{"href":"https:\/\/westseed.ca\/es\/wp-json\/wp\/v2\/types\/product"}],"version-history":[{"count":0,"href":"https:\/\/westseed.ca\/es\/wp-json\/wp\/v2\/product\/1990\/revisions"}],"wp:featuredmedia":[{"embeddable":true,"href":"https:\/\/westseed.ca\/es\/wp-json\/wp\/v2\/media\/1765"}],"wp:attachment":[{"href":"https:\/\/westseed.ca\/es\/wp-json\/wp\/v2\/media?parent=1990"}],"wp:term":[{"taxonomy":"product_cat","embeddable":true,"href":"https:\/\/westseed.ca\/es\/wp-json\/wp\/v2\/product_cat?post=1990"},{"taxonomy":"product_tag","embeddable":true,"href":"https:\/\/westseed.ca\/es\/wp-json\/wp\/v2\/product_tag?post=1990"}],"curies":[{"name":"wp","href":"https:\/\/api.w.org\/{rel}","templated":true}]}}