{"id":2155,"date":"2023-06-05T22:02:58","date_gmt":"2023-06-05T22:02:58","guid":{"rendered":"https:\/\/westseed.ca\/product\/black-sherbet-runtz\/"},"modified":"2024-03-17T22:37:14","modified_gmt":"2024-03-17T22:37:14","slug":"black-sherbet-runtz","status":"publish","type":"product","link":"https:\/\/westseed.ca\/es\/product\/black-sherbet-runtz\/","title":{"rendered":"Sorbete negro Runtz"},"content":{"rendered":"<p>Limited Edition Black Sherbet Runtz es una variedad extraordinaria que combina los rasgos deseables de las variedades Black Cherry Runtz y Rainbow Sherbet, dando como resultado un aspecto visualmente impresionante y un perfil de terpenos excepcional.<\/p>\n<p>Rainbow Sherbet es un h\u00edbrido equilibrado creado mediante el cruce de las deliciosas cepas Champagne y Blackberry. Rainbow Sherbet ofrece un dulce sabor afrutado a bayas con una exhalaci\u00f3n extra azucarada y un refrescante toque de menta, que recuerda el vibrante sabor de un arco iris.<\/p>\n<p>Black Cherry Runtz, una variedad con ligera dominancia \u00ab\u00edndica\u00bb, fusiona a la perfecci\u00f3n el linaje gen\u00e9tico de Black Cherry Pie y Pink Runtz, dando como resultado una combinaci\u00f3n realmente cautivadora. La cepa exhibe una paleta de colores profundos y ricos con acentos vibrantes, creando una experiencia est\u00e9ticamente agradable. Su aroma y sabor son dulces y afrutados, con deliciosos toques c\u00edtricos.<\/p>\n<p>Descubra el armonioso efecto s\u00e9quito que proporciona Black Sherbet Runtz.<br \/>\nCon su mezcla gen\u00e9tica \u00fanica, sabores cautivadores y efectos redondos, es una elecci\u00f3n imprescindible para los entusiastas del cannabis que buscan una experiencia extraordinaria e inolvidable.<\/p>\n","protected":false},"excerpt":{"rendered":"<p>Experimenta la Edici\u00f3n Limitada de Black Sherbet Runtz, una variedad excepcional que combina los mejores rasgos de Black Cherry Runtz y Rainbow Sherbet, dando como resultado un aspecto visualmente impresionante y un perfil de terpenos excepcional.<\/p>\n","protected":false},"featured_media":1758,"template":"","meta":{"inline_featured_image":false},"product_cat":[94,91],"product_tag":[103],"class_list":["post-2155","product","type-product","status-publish","has-post-thumbnail","hentry","product_cat-photoperiodic-strains-es","product_cat-all-breeders-es","product_tag-true-exotic-genetics-aaa"],"acf":[],"_links":{"self":[{"href":"https:\/\/westseed.ca\/es\/wp-json\/wp\/v2\/product\/2155","targetHints":{"allow":["GET"]}}],"collection":[{"href":"https:\/\/westseed.ca\/es\/wp-json\/wp\/v2\/product"}],"about":[{"href":"https:\/\/westseed.ca\/es\/wp-json\/wp\/v2\/types\/product"}],"version-history":[{"count":0,"href":"https:\/\/westseed.ca\/es\/wp-json\/wp\/v2\/product\/2155\/revisions"}],"wp:featuredmedia":[{"embeddable":true,"href":"https:\/\/westseed.ca\/es\/wp-json\/wp\/v2\/media\/1758"}],"wp:attachment":[{"href":"https:\/\/westseed.ca\/es\/wp-json\/wp\/v2\/media?parent=2155"}],"wp:term":[{"taxonomy":"product_cat","embeddable":true,"href":"https:\/\/westseed.ca\/es\/wp-json\/wp\/v2\/product_cat?post=2155"},{"taxonomy":"product_tag","embeddable":true,"href":"https:\/\/westseed.ca\/es\/wp-json\/wp\/v2\/product_tag?post=2155"}],"curies":[{"name":"wp","href":"https:\/\/api.w.org\/{rel}","templated":true}]}}