{"id":2156,"date":"2023-07-04T20:50:39","date_gmt":"2023-07-04T20:50:39","guid":{"rendered":"https:\/\/westseed.ca\/product\/marmalate\/"},"modified":"2023-07-04T20:50:39","modified_gmt":"2023-07-04T20:50:39","slug":"marmalate","status":"publish","type":"product","link":"https:\/\/westseed.ca\/es\/product\/marmalate\/","title":{"rendered":"Marmalate"},"content":{"rendered":"<p>Marmalate es una variedad h\u00edbrida magistralmente elaborada que combina los mejores atributos de Critical Mass y Lavender. Esta mezcla meticulosamente equilibrada ofrece una experiencia cann\u00e1bica excepcional que tienta los sentidos.<\/p>\n<p>El marmalate presenta una armoniosa fusi\u00f3n de dulzor y afrutado, acompa\u00f1ada de sutiles matices terrosos que a\u00f1aden profundidad a su sabor. Cada inhalaci\u00f3n revela una deliciosa sinfon\u00eda de sabores que perdura mucho tiempo despu\u00e9s de cada exhalaci\u00f3n.<\/p>\n<p>Pero Marmalate es algo m\u00e1s que su exquisito sabor. Sus efectos son completos y responden a diversas necesidades y preferencias. Cuando se consume, el Marmalate infunde una sensaci\u00f3n de calma y relajaci\u00f3n, calmando suavemente tanto la mente como el cuerpo. Proporciona un zumbido corporal satisfactorio y ofrece alivio de las molestias f\u00edsicas sin agobiar, lo que permite seguir participando en las actividades cotidianas. Consigue el equilibrio perfecto entre relajaci\u00f3n y funcionalidad.<\/p>\n","protected":false},"excerpt":{"rendered":"<p>H\u00edbrido equilibrado creado cruzando Critical Mass con Lavender. El perfil arom\u00e1tico es dulce y afrutado, con matices terrosos. Experimenta un efecto calmante y relajante, proporcionando un zumbido corporal decente y alivio del dolor sin excesiva pesadez, lo que permite realizar actividades con regularidad.<\/p>\n","protected":false},"featured_media":1762,"template":"","meta":{"inline_featured_image":false},"product_cat":[94,91],"product_tag":[96],"class_list":["post-2156","product","type-product","status-publish","has-post-thumbnail","hentry","product_cat-photoperiodic-strains-es","product_cat-all-breeders-es","product_tag-best-value-a-seeds-es"],"acf":[],"_links":{"self":[{"href":"https:\/\/westseed.ca\/es\/wp-json\/wp\/v2\/product\/2156","targetHints":{"allow":["GET"]}}],"collection":[{"href":"https:\/\/westseed.ca\/es\/wp-json\/wp\/v2\/product"}],"about":[{"href":"https:\/\/westseed.ca\/es\/wp-json\/wp\/v2\/types\/product"}],"version-history":[{"count":0,"href":"https:\/\/westseed.ca\/es\/wp-json\/wp\/v2\/product\/2156\/revisions"}],"wp:featuredmedia":[{"embeddable":true,"href":"https:\/\/westseed.ca\/es\/wp-json\/wp\/v2\/media\/1762"}],"wp:attachment":[{"href":"https:\/\/westseed.ca\/es\/wp-json\/wp\/v2\/media?parent=2156"}],"wp:term":[{"taxonomy":"product_cat","embeddable":true,"href":"https:\/\/westseed.ca\/es\/wp-json\/wp\/v2\/product_cat?post=2156"},{"taxonomy":"product_tag","embeddable":true,"href":"https:\/\/westseed.ca\/es\/wp-json\/wp\/v2\/product_tag?post=2156"}],"curies":[{"name":"wp","href":"https:\/\/api.w.org\/{rel}","templated":true}]}}