{"id":2157,"date":"2023-06-05T22:02:58","date_gmt":"2023-06-05T22:02:58","guid":{"rendered":"https:\/\/westseed.ca\/product\/humble-pie\/"},"modified":"2023-06-05T22:02:58","modified_gmt":"2023-06-05T22:02:58","slug":"humble-pie","status":"publish","type":"product","link":"https:\/\/westseed.ca\/es\/product\/humble-pie\/","title":{"rendered":"Pastel humilde"},"content":{"rendered":"<p>Humble Pie es una magn\u00edfica variedad nacida de la uni\u00f3n de Cherry Pie y Grandpa&#8217;s Breath. Este h\u00edbrido excepcional deleita los sentidos con su abundancia de tricomas cargados de THC, envolvi\u00e9ndote en una nube de aroma cautivador. A medida que alcanza su madurez, Humble Pie revela matices hipnotizadores y libera una fragancia embriagadora que es realmente encantadora.<\/p>\n<p>Una de las caracter\u00edsticas m\u00e1s destacadas de Humble Pie es su notable aroma a bayas dulces. El aire se impregna del delicioso y sonoro aroma de las bayas maduras, seduci\u00e9ndole con su irresistible fragancia. El aroma es tan seductor que mejora la experiencia sensorial general, a\u00f1adiendo otra capa de placer a tu viaje cann\u00e1bico.<\/p>\n<p>Del\u00e9itese con los cautivadores efectos visuales de Humble Pie, que muestra un llamativo despliegue de colores durante su maduraci\u00f3n. Desde tonalidades vibrantes hasta matices sutiles, esta variedad ofrece un espect\u00e1culo visual que realza su encanto.<\/p>\n<p>Con su gen\u00e9tica \u00edndica bien equilibrada, Humble Pie proporciona un efecto profundamente relajante y tranquilizante. Calma suavemente el cuerpo, elimina la tensi\u00f3n y el estr\u00e9s y proporciona una sensaci\u00f3n de calma mental y satisfacci\u00f3n. La experiencia es pura relajaci\u00f3n, lo que le permite desconectar y encontrar consuelo.<\/p>\n","protected":false},"excerpt":{"rendered":"<p>Humble Pie es un magn\u00edfico h\u00edbrido nacido de Cherry Pie y Grandpa&#8217;s Breath, con tricomas cargados de THC, colores fascinantes y un encantador aroma a bayas dulces, que ofrece una experiencia profundamente relajante y tranquilizante que disipa la tensi\u00f3n y proporciona una sensaci\u00f3n de calma mental.<\/p>\n","protected":false},"featured_media":1724,"template":"","meta":{"inline_featured_image":false},"product_cat":[94,91],"product_tag":[96],"class_list":["post-2157","product","type-product","status-publish","has-post-thumbnail","hentry","product_cat-photoperiodic-strains-es","product_cat-all-breeders-es","product_tag-best-value-a-seeds-es"],"acf":[],"_links":{"self":[{"href":"https:\/\/westseed.ca\/es\/wp-json\/wp\/v2\/product\/2157","targetHints":{"allow":["GET"]}}],"collection":[{"href":"https:\/\/westseed.ca\/es\/wp-json\/wp\/v2\/product"}],"about":[{"href":"https:\/\/westseed.ca\/es\/wp-json\/wp\/v2\/types\/product"}],"version-history":[{"count":0,"href":"https:\/\/westseed.ca\/es\/wp-json\/wp\/v2\/product\/2157\/revisions"}],"wp:featuredmedia":[{"embeddable":true,"href":"https:\/\/westseed.ca\/es\/wp-json\/wp\/v2\/media\/1724"}],"wp:attachment":[{"href":"https:\/\/westseed.ca\/es\/wp-json\/wp\/v2\/media?parent=2157"}],"wp:term":[{"taxonomy":"product_cat","embeddable":true,"href":"https:\/\/westseed.ca\/es\/wp-json\/wp\/v2\/product_cat?post=2157"},{"taxonomy":"product_tag","embeddable":true,"href":"https:\/\/westseed.ca\/es\/wp-json\/wp\/v2\/product_tag?post=2157"}],"curies":[{"name":"wp","href":"https:\/\/api.w.org\/{rel}","templated":true}]}}