{"id":2158,"date":"2023-06-05T22:02:58","date_gmt":"2023-06-05T22:02:58","guid":{"rendered":"https:\/\/westseed.ca\/product\/rasta-gun\/"},"modified":"2023-06-05T22:02:58","modified_gmt":"2023-06-05T22:02:58","slug":"rasta-gun","status":"publish","type":"product","link":"https:\/\/westseed.ca\/es\/product\/rasta-gun\/","title":{"rendered":"Pistola Rasta"},"content":{"rendered":"<p>Rasta Gun es una formidable fusi\u00f3n h\u00edbrida de Bubble Gum, Haze y El Chapo. Prep\u00e1rese para una experiencia intensa e implacable como ninguna otra.<\/p>\n<p>El aroma crudo y sin complejos de Rasta Gun es una mezcla nost\u00e1lgica de hach\u00eds de la vieja escuela, un toque dulce y una esencia terrosa, con un toque de car\u00e1cter de chicle.<\/p>\n<p>Con niveles de THC que desaf\u00edan toda raz\u00f3n, Rasta Gun es una fuerza ind\u00f3mita que nunca ha visto el interior de un laboratorio. El nivel de THC de esta cepa nunca se ha probado oficialmente en un laboratorio, pero quienes se atrevieron a probarla podr\u00edan confirmar su rid\u00edcula potencia. Prep\u00e1rate, porque esta cepa golpea como un mazo.<\/p>\n<p>Prep\u00e1rate, porque esta cepa underground es un verdadero peso pesado sin piedad para los que tienen poca tolerancia. El golpeador dentro de Rasta Gun te dejar\u00e1 noqueado en un robusto bloqueo de sof\u00e1, sin dejar espacio para escapar de sus incre\u00edbles y euf\u00f3ricos golpes de piedra. Esta cepa no debe tomarse a la ligera. Si necesitas m\u00e1s seguridad en el manejo de este monstruo, lo mejor es evitar jugar con \u00e9l.<\/p>\n<p>Rasta Gun es el contendiente definitivo si buscas escapar del reino de los aromas compuestos y las apariencias extravagantes. Encarna la esencia de un verdadero delantero, asestando golpes fulminantes a cualquier adversario al que se enfrente. Su sencillez y cruda intensidad no tienen parang\u00f3n.<\/p>\n","protected":false},"excerpt":{"rendered":"<p>Sube al ring con Rasta Gun si te atreves, y prep\u00e1rate para quedar abrumado por su comportamiento agresivo y fr\u00edo. Esta cepa no es para los d\u00e9biles de coraz\u00f3n, pero promete un viaje inolvidable para aquellos lo suficientemente valientes como para enfrentarse al reto.<\/p>\n","protected":false},"featured_media":1728,"template":"","meta":{"inline_featured_image":false},"product_cat":[94,91],"product_tag":[96],"class_list":["post-2158","product","type-product","status-publish","has-post-thumbnail","hentry","product_cat-photoperiodic-strains-es","product_cat-all-breeders-es","product_tag-best-value-a-seeds-es"],"acf":[],"_links":{"self":[{"href":"https:\/\/westseed.ca\/es\/wp-json\/wp\/v2\/product\/2158","targetHints":{"allow":["GET"]}}],"collection":[{"href":"https:\/\/westseed.ca\/es\/wp-json\/wp\/v2\/product"}],"about":[{"href":"https:\/\/westseed.ca\/es\/wp-json\/wp\/v2\/types\/product"}],"version-history":[{"count":0,"href":"https:\/\/westseed.ca\/es\/wp-json\/wp\/v2\/product\/2158\/revisions"}],"wp:featuredmedia":[{"embeddable":true,"href":"https:\/\/westseed.ca\/es\/wp-json\/wp\/v2\/media\/1728"}],"wp:attachment":[{"href":"https:\/\/westseed.ca\/es\/wp-json\/wp\/v2\/media?parent=2158"}],"wp:term":[{"taxonomy":"product_cat","embeddable":true,"href":"https:\/\/westseed.ca\/es\/wp-json\/wp\/v2\/product_cat?post=2158"},{"taxonomy":"product_tag","embeddable":true,"href":"https:\/\/westseed.ca\/es\/wp-json\/wp\/v2\/product_tag?post=2158"}],"curies":[{"name":"wp","href":"https:\/\/api.w.org\/{rel}","templated":true}]}}