{"id":2159,"date":"2023-07-04T21:49:29","date_gmt":"2023-07-04T21:49:29","guid":{"rendered":"https:\/\/westseed.ca\/product\/negro-domina\/"},"modified":"2023-07-04T21:49:29","modified_gmt":"2023-07-04T21:49:29","slug":"negro-domina","status":"publish","type":"product","link":"https:\/\/westseed.ca\/es\/product\/negro-domina\/","title":{"rendered":"Domina Negra"},"content":{"rendered":"<p>Black Domina es una venerada reliquia de los a\u00f1os 90, la verdadera encarnaci\u00f3n de una cepa \u00edndica medicinal. Esta variedad ic\u00f3nica ha dado lugar a numerosos descendientes, como Eleven Roses, Cream Caramel y Kryptonite. Oscura, deliciosa y devastadora, Black Domina fusiona a la perfecci\u00f3n las mejores gen\u00e9ticas, dando como resultado una planta de r\u00e1pida floraci\u00f3n adornada con brillantes cristales que la distinguen de las dem\u00e1s. Domina exhibe con orgullo codiciados atributos heredados de genotipos \u00abIndica\u00bb de \u00e9lite como Northern Lights, Ortega, Hash Plant y Afghani.<\/p>\n<p>Cuando se cultiva a partir de semillas, Black Domina revela variaciones fenot\u00edpicas favorables, mostrando sistem\u00e1ticamente robustas caracter\u00edsticas \u00abIndica\u00bb. Espera una velocidad impresionante, un follaje denso, una estatura compacta y una notable producci\u00f3n de resina. Su aroma emana un seductor encanto de la vieja escuela, evocando recuerdos de hach\u00eds y kush. Visualmente, los cogollos muestran un cautivador color verde intenso, salpicado ocasionalmente de sutiles toques de p\u00farpura real, que intensifican su atractivo general.<\/p>\n<p>Si realmente valoras la historia del cannabis y te enorgulleces de ser un entendido exigente, la Black Domina es una variedad que no debes dejar de probar.<\/p>\n","protected":false},"excerpt":{"rendered":"<p>Descubre Black Domina, una reliquia legendaria de los a\u00f1os 90 y una variedad imprescindible para los entendidos del cannabis. Con una floraci\u00f3n r\u00e1pida, cogollos resinosos y un tono verde oscuro, encarna la esencia de las variedades \u00ab\u00edndica\u00bb medicinales y tiene un rico significado hist\u00f3rico.<\/p>\n","protected":false},"featured_media":1763,"template":"","meta":{"inline_featured_image":false},"product_cat":[94,91],"product_tag":[96],"class_list":["post-2159","product","type-product","status-publish","has-post-thumbnail","hentry","product_cat-photoperiodic-strains-es","product_cat-all-breeders-es","product_tag-best-value-a-seeds-es"],"acf":[],"_links":{"self":[{"href":"https:\/\/westseed.ca\/es\/wp-json\/wp\/v2\/product\/2159","targetHints":{"allow":["GET"]}}],"collection":[{"href":"https:\/\/westseed.ca\/es\/wp-json\/wp\/v2\/product"}],"about":[{"href":"https:\/\/westseed.ca\/es\/wp-json\/wp\/v2\/types\/product"}],"version-history":[{"count":0,"href":"https:\/\/westseed.ca\/es\/wp-json\/wp\/v2\/product\/2159\/revisions"}],"wp:featuredmedia":[{"embeddable":true,"href":"https:\/\/westseed.ca\/es\/wp-json\/wp\/v2\/media\/1763"}],"wp:attachment":[{"href":"https:\/\/westseed.ca\/es\/wp-json\/wp\/v2\/media?parent=2159"}],"wp:term":[{"taxonomy":"product_cat","embeddable":true,"href":"https:\/\/westseed.ca\/es\/wp-json\/wp\/v2\/product_cat?post=2159"},{"taxonomy":"product_tag","embeddable":true,"href":"https:\/\/westseed.ca\/es\/wp-json\/wp\/v2\/product_tag?post=2159"}],"curies":[{"name":"wp","href":"https:\/\/api.w.org\/{rel}","templated":true}]}}