{"id":2160,"date":"2023-06-05T22:02:58","date_gmt":"2023-06-05T22:02:58","guid":{"rendered":"https:\/\/westseed.ca\/product\/dolato\/"},"modified":"2023-06-05T22:02:58","modified_gmt":"2023-06-05T22:02:58","slug":"dolato","status":"publish","type":"product","link":"https:\/\/westseed.ca\/es\/product\/dolato\/","title":{"rendered":"Dolato"},"content":{"rendered":"<p>Dolato es una variedad extraordinaria que combina las mejores gen\u00e9ticas de la Costa Oeste. Este excepcional h\u00edbrido combina Gelato #41 y Dos-Si-Dos, produciendo una planta que satisface los deseos de todo entusiasta del cannabis. Supongamos que est\u00e1s buscando una planta que te proporcione un sabor delicioso, buenos rendimientos, floraci\u00f3n r\u00e1pida y un efecto potente y relajante. En ese caso, Dolato es la respuesta que estaba buscando. Ofrece la combinaci\u00f3n perfecta de rasgos deseables que superar\u00e1n sus expectativas.<\/p>\n<p>Dolato no s\u00f3lo presume de un sabor divino, sino tambi\u00e9n de una belleza impresionante. Sus flores exhiben profundas tonalidades p\u00farpuras, elegantemente contrastadas por vetas de vibrantes pistilos anaranjados. Los cogollos est\u00e1n generosamente recubiertos de una gruesa capa de resina blanca, que realza su encanto y atractivo visual. El aroma de Dolato combina armoniosamente notas dulces, especiadas y de hach\u00eds, creando una experiencia sensorial realmente deliciosa. Cada inhalaci\u00f3n es un viaje de sabores que dejar\u00e1 una impresi\u00f3n duradera.<\/p>\n<p>En cuanto a sus efectos, Dolato es incre\u00edblemente potente. Produce una experiencia deliciosa y poderosa que aporta felicidad extrema, confort y relajaci\u00f3n.<\/p>\n","protected":false},"excerpt":{"rendered":"<p>Dolato: un notable h\u00edbrido de la Costa Oeste que combina Gelato #41 y Dos-Si-Dos. Sabor cl\u00e1sico de Cali, gran producci\u00f3n, hermosos cogollos y un efecto potente, feliz y relajante. Impresionante belleza con profundas tonalidades p\u00farpuras, pistilos anaranjados y una gruesa capa de resina. Disfrute del delicioso aroma y experimente una felicidad, un confort y una relajaci\u00f3n extremos.<\/p>\n","protected":false},"featured_media":1723,"template":"","meta":{"inline_featured_image":false},"product_cat":[94,91],"product_tag":[96],"class_list":["post-2160","product","type-product","status-publish","has-post-thumbnail","hentry","product_cat-photoperiodic-strains-es","product_cat-all-breeders-es","product_tag-best-value-a-seeds-es"],"acf":[],"_links":{"self":[{"href":"https:\/\/westseed.ca\/es\/wp-json\/wp\/v2\/product\/2160","targetHints":{"allow":["GET"]}}],"collection":[{"href":"https:\/\/westseed.ca\/es\/wp-json\/wp\/v2\/product"}],"about":[{"href":"https:\/\/westseed.ca\/es\/wp-json\/wp\/v2\/types\/product"}],"version-history":[{"count":0,"href":"https:\/\/westseed.ca\/es\/wp-json\/wp\/v2\/product\/2160\/revisions"}],"wp:featuredmedia":[{"embeddable":true,"href":"https:\/\/westseed.ca\/es\/wp-json\/wp\/v2\/media\/1723"}],"wp:attachment":[{"href":"https:\/\/westseed.ca\/es\/wp-json\/wp\/v2\/media?parent=2160"}],"wp:term":[{"taxonomy":"product_cat","embeddable":true,"href":"https:\/\/westseed.ca\/es\/wp-json\/wp\/v2\/product_cat?post=2160"},{"taxonomy":"product_tag","embeddable":true,"href":"https:\/\/westseed.ca\/es\/wp-json\/wp\/v2\/product_tag?post=2160"}],"curies":[{"name":"wp","href":"https:\/\/api.w.org\/{rel}","templated":true}]}}