{"id":2167,"date":"2023-06-05T22:02:57","date_gmt":"2023-06-05T22:02:57","guid":{"rendered":"https:\/\/westseed.ca\/product\/blackout-cherries\/"},"modified":"2023-06-05T22:02:57","modified_gmt":"2023-06-05T22:02:57","slug":"blackout-cherries","status":"publish","type":"product","link":"https:\/\/westseed.ca\/es\/product\/blackout-cherries\/","title":{"rendered":"Cerezas negras"},"content":{"rendered":"<p>Presentamos la extraordinaria creaci\u00f3n Blackout Cherries, nacida del cruce de Super Buff Cherry y Black Cherry Runts. Estos cogollos brillan con tricomas oscuros como cristales, cautivando la vista y despertando la curiosidad. Esta variedad dejar\u00e1 una impresi\u00f3n duradera.<\/p>\n<p>Black Cherry Runtz es una variedad ligeramente Indica-dominante que fusiona armoniosamente las gen\u00e9ticas de Black Cherry Pie y Pink Runtz. Prep\u00e1rate para ser encantado por su hipnotizante mezcla de sabores y aromas que cuenta con una notable potencia de THC del 34%. Con su suave toque de concentraci\u00f3n y euforia, acompa\u00f1ado de un relajante coloc\u00f3n corporal, esta variedad prepara el terreno para la relajaci\u00f3n definitiva. Es la compa\u00f1era perfecta para esos preciados momentos en el sof\u00e1, sumergi\u00e9ndote en una pel\u00edcula mientras te deleitas con los sabores de esta deliciosa cepa.<\/p>\n<p>Esta combinaci\u00f3n gen\u00e9tica \u00fanica proporciona una experiencia sin igual. Con su sutil predominancia de piedra, esta cepa ofrece un toque de concentraci\u00f3n y euforia, llev\u00e1ndote a un viaje dichoso. El c\u00e1lido zumbido corporal aumenta la relajaci\u00f3n general, por lo que es ideal para relajarse despu\u00e9s de un largo d\u00eda. Tanto si buscas tranquilidad como inspiraci\u00f3n, Black Cherry Runtz es una variedad que exige un lugar en tu colecci\u00f3n.<\/p>\n","protected":false},"excerpt":{"rendered":"<p>Experimenta la potencia sin igual de Blackout Cherries, un h\u00edbrido fenomenal y poco com\u00fan que domina las listas de THC, mientras deleita tus sentidos con su exquisito aroma a cerezas dulces y su est\u00e9tica cautivadora. Descubre la perfecci\u00f3n en cada brote, ya que Blackout Cherries redefine lo que es posible en el cannabis.<\/p>\n","protected":false},"featured_media":1759,"template":"","meta":{"inline_featured_image":false},"product_cat":[91,94],"product_tag":[103],"class_list":["post-2167","product","type-product","status-publish","has-post-thumbnail","hentry","product_cat-all-breeders-es","product_cat-photoperiodic-strains-es","product_tag-true-exotic-genetics-aaa"],"acf":[],"_links":{"self":[{"href":"https:\/\/westseed.ca\/es\/wp-json\/wp\/v2\/product\/2167","targetHints":{"allow":["GET"]}}],"collection":[{"href":"https:\/\/westseed.ca\/es\/wp-json\/wp\/v2\/product"}],"about":[{"href":"https:\/\/westseed.ca\/es\/wp-json\/wp\/v2\/types\/product"}],"version-history":[{"count":0,"href":"https:\/\/westseed.ca\/es\/wp-json\/wp\/v2\/product\/2167\/revisions"}],"wp:featuredmedia":[{"embeddable":true,"href":"https:\/\/westseed.ca\/es\/wp-json\/wp\/v2\/media\/1759"}],"wp:attachment":[{"href":"https:\/\/westseed.ca\/es\/wp-json\/wp\/v2\/media?parent=2167"}],"wp:term":[{"taxonomy":"product_cat","embeddable":true,"href":"https:\/\/westseed.ca\/es\/wp-json\/wp\/v2\/product_cat?post=2167"},{"taxonomy":"product_tag","embeddable":true,"href":"https:\/\/westseed.ca\/es\/wp-json\/wp\/v2\/product_tag?post=2167"}],"curies":[{"name":"wp","href":"https:\/\/api.w.org\/{rel}","templated":true}]}}