{"id":2176,"date":"2023-06-05T22:02:58","date_gmt":"2023-06-05T22:02:58","guid":{"rendered":"https:\/\/westseed.ca\/product\/dark-phoenix\/"},"modified":"2023-06-05T22:02:58","modified_gmt":"2023-06-05T22:02:58","slug":"dark-phoenix","status":"publish","type":"product","link":"https:\/\/westseed.ca\/es\/product\/dark-phoenix\/","title":{"rendered":"F\u00e9nix Oscura"},"content":{"rendered":"<p>La Dark Phoenix es un cruce de la famosa Trainwreck de corte californiano que ha sido referencia durante muchos a\u00f1os por su uso medicinal para el insomnio, el dolor y la falta de apetito, mezclada con la igualmente famosa y m\u00edtica Jack Herer.<br \/>\nAl cruzar la Trainwreck con la Jack Herer, GHS quiso aportar la compacidad y la asombrosa cola de zorro al olor y la fant\u00e1stica producci\u00f3n de la Jack.<\/p>\n<p>La planta crece relativamente alta pero a\u00fan moderada para un cultivo de interior, quiz\u00e1s con el uso de topping para los espacios inferiores; el estiramiento de la Dark Phoenix es muy vigoroso durante las primeras semanas de floraci\u00f3n y producir\u00e1 algunas ramas fuertes que se enganchar\u00e1n a los lados para formar un bonito efecto de corona.<\/p>\n<p>Las flores son tan vigorosas como el estiramiento, formando unas hermosas y grandes preflores al principio de la floraci\u00f3n. Se conectar\u00e1n para formar unas largas colas y explotar en un hermoso ramillete de cola de zorro sativa con un rendimiento decente y colores que pueden pasar del azul al negro oscuro profundo de las hojas en algunas plantas, una hermosa expresi\u00f3n de colores.<\/p>\n<p>El olor de la Dark Phoenix es un olor imprescindible para cualquier amante de las sativas; la compleja mezcla de sabores de la Jack que van desde el pino, la tierra y el Haze, combinados con el penetrante olor de la Trainwreck aportan algo de lim\u00f3n y picante a la mezcla sativa, una combinaci\u00f3n excelente para una explosi\u00f3n absoluta de sabores en la boca.<\/p>\n","protected":false},"excerpt":{"rendered":"<p>La m\u00edtica Dark Phoenix, un potente cruce de las legendarias variedades Trainwreck y Jack Herer. Con su vigoroso crecimiento y su hermosa cola de zorro \u00absativa\u00bb, esta planta produce grandes colas y una explosi\u00f3n de sabores, que van desde el pino y la tierra hasta el lim\u00f3n y el picante, creando una experiencia definitiva para los amantes de las sativas.<\/p>\n","protected":false},"featured_media":1726,"template":"","meta":{"inline_featured_image":false},"product_cat":[94,91],"product_tag":[95],"class_list":["post-2176","product","type-product","status-publish","has-post-thumbnail","hentry","product_cat-photoperiodic-strains-es","product_cat-all-breeders-es","product_tag-premium-uncommon-aa-seeds-es-2"],"acf":[],"_links":{"self":[{"href":"https:\/\/westseed.ca\/es\/wp-json\/wp\/v2\/product\/2176","targetHints":{"allow":["GET"]}}],"collection":[{"href":"https:\/\/westseed.ca\/es\/wp-json\/wp\/v2\/product"}],"about":[{"href":"https:\/\/westseed.ca\/es\/wp-json\/wp\/v2\/types\/product"}],"version-history":[{"count":0,"href":"https:\/\/westseed.ca\/es\/wp-json\/wp\/v2\/product\/2176\/revisions"}],"wp:featuredmedia":[{"embeddable":true,"href":"https:\/\/westseed.ca\/es\/wp-json\/wp\/v2\/media\/1726"}],"wp:attachment":[{"href":"https:\/\/westseed.ca\/es\/wp-json\/wp\/v2\/media?parent=2176"}],"wp:term":[{"taxonomy":"product_cat","embeddable":true,"href":"https:\/\/westseed.ca\/es\/wp-json\/wp\/v2\/product_cat?post=2176"},{"taxonomy":"product_tag","embeddable":true,"href":"https:\/\/westseed.ca\/es\/wp-json\/wp\/v2\/product_tag?post=2176"}],"curies":[{"name":"wp","href":"https:\/\/api.w.org\/{rel}","templated":true}]}}