{"id":2177,"date":"2023-06-05T22:02:57","date_gmt":"2023-06-05T22:02:57","guid":{"rendered":"https:\/\/westseed.ca\/product\/pastel-americano\/"},"modified":"2023-06-05T22:02:57","modified_gmt":"2023-06-05T22:02:57","slug":"pastel-americano","status":"publish","type":"product","link":"https:\/\/westseed.ca\/es\/product\/pastel-americano\/","title":{"rendered":"American Pie"},"content":{"rendered":"<p>Presentamos el cruce definitivo, Apples &amp; Bananas de Compound Genetics, h\u00e1bilmente fusionado con la poderosa Super Buff Cherry #26 de Grow More Fire Genetics. Prep\u00e1rate para una cepa extraordinaria que supera todas las expectativas. Prep\u00e1rate para una aventura de sabor irresistible que redefinir\u00e1 tu experiencia con el cannabis. Con un asombroso contenido de THC de hasta el 30%, esta cepa ofrece un golpe sin igual que te dejar\u00e1 asombrado.<\/p>\n<p>Aunque la genealog\u00eda de esta cepa sugiere una compleja mezcla de Granddaddy Purple, Blue Power, Gelatti y Platinum GSC, hay un aspecto que la diferencia del resto: su embriagador aroma que recuerda a una deliciosa mezcla o batido de manzanas y pl\u00e1tanos. Este aroma distintivo es impresionante; una vez que lo pruebes, nunca confundir\u00e1s esta cepa con ninguna otra. Es una delicia olfativa que capta la esencia de estas queridas frutas.<\/p>\n<p>Lo que distingue a esta cepa es su capacidad para proporcionar una profunda sensaci\u00f3n de euforia sin dejarte agotado o pegado al sof\u00e1. Se trata de una potencia medicinal notable, que aprovecha las mejores cualidades de los h\u00edbridos. Prep\u00e1rese para experimentar una armoniosa mezcla de euforia, calma, felicidad, creatividad y energ\u00eda, todo ello sin efectos secundarios adversos como letargo, confusi\u00f3n o ansiedad. Esta cepa excepcional ofrece una experiencia completa y equilibrada que es realmente incomparable.<\/p>\n<p>Tanto si buscas beneficios terap\u00e9uticos como si anhelas una experiencia cann\u00e1bica extraordinaria, esta cepa merece un lugar destacado en tu colecci\u00f3n. Su combinaci\u00f3n \u00fanica de aroma, potencia y efectos hace que destaque entre los entusiastas del cannabis. Prep\u00e1rate para elevar tus sentidos y embarcarte en un viaje extraordinario con esta cepa.<\/p>\n","protected":false},"excerpt":{"rendered":"<p>Prep\u00e1rate para una variedad extraordinaria que supera todas las expectativas, con un asombroso contenido de THC del 30%, un atractivo rid\u00edculo en bolsa y un aroma \u00fanico a manzanas y pl\u00e1tanos.<\/p>\n","protected":false},"featured_media":1760,"template":"","meta":{"inline_featured_image":false},"product_cat":[91,94],"product_tag":[103],"class_list":["post-2177","product","type-product","status-publish","has-post-thumbnail","hentry","product_cat-all-breeders-es","product_cat-photoperiodic-strains-es","product_tag-true-exotic-genetics-aaa"],"acf":[],"_links":{"self":[{"href":"https:\/\/westseed.ca\/es\/wp-json\/wp\/v2\/product\/2177","targetHints":{"allow":["GET"]}}],"collection":[{"href":"https:\/\/westseed.ca\/es\/wp-json\/wp\/v2\/product"}],"about":[{"href":"https:\/\/westseed.ca\/es\/wp-json\/wp\/v2\/types\/product"}],"version-history":[{"count":0,"href":"https:\/\/westseed.ca\/es\/wp-json\/wp\/v2\/product\/2177\/revisions"}],"wp:featuredmedia":[{"embeddable":true,"href":"https:\/\/westseed.ca\/es\/wp-json\/wp\/v2\/media\/1760"}],"wp:attachment":[{"href":"https:\/\/westseed.ca\/es\/wp-json\/wp\/v2\/media?parent=2177"}],"wp:term":[{"taxonomy":"product_cat","embeddable":true,"href":"https:\/\/westseed.ca\/es\/wp-json\/wp\/v2\/product_cat?post=2177"},{"taxonomy":"product_tag","embeddable":true,"href":"https:\/\/westseed.ca\/es\/wp-json\/wp\/v2\/product_tag?post=2177"}],"curies":[{"name":"wp","href":"https:\/\/api.w.org\/{rel}","templated":true}]}}