{"id":2180,"date":"2023-06-05T22:02:58","date_gmt":"2023-06-05T22:02:58","guid":{"rendered":"https:\/\/westseed.ca\/product\/kings-juice\/"},"modified":"2023-06-05T22:02:58","modified_gmt":"2023-06-05T22:02:58","slug":"kings-juice","status":"publish","type":"product","link":"https:\/\/westseed.ca\/es\/product\/kings-juice\/","title":{"rendered":"Zumo del Rey"},"content":{"rendered":"<p>The King&#8217;s Juice combina dos de los perfiles de terpenos favoritos de Arjan. Por un lado, nuestra seleccionada Mimosa de Symbiotic Genetics tiene esos profundos perfumes florales que tanto gustan al rey, y por otro, nuestra famosa King&#8217;s Kush, con su potencia c\u00edtrica.<\/p>\n<p>Lo que sali\u00f3 es una planta excepcional con un hermoso tipo de crecimiento coney\/piney y una larga cola principal que crecer\u00e1 un poco m\u00e1s alta que los lados y permitir\u00e1 que las ramas secundarias hagan una hermosa corona a su alrededor.<\/p>\n<p>Las plantas dar\u00e1n un buen estir\u00f3n durante la \u00e9poca de floraci\u00f3n: cabe esperar que al menos dupliquen su tama\u00f1o durante las primeras semanas de floraci\u00f3n, con ramas firmes y un crecimiento vigoroso.<\/p>\n<p>Las flores tienen un olor fant\u00e1stico que equilibra perfectamente el floral de la Mimosa con el toque extra c\u00edtrico\/terroso de los ancestros Kush, lo que nos da una fragancia asombrosamente compleja que recuerda a alg\u00fan zumo de fruta fresca, junto a unos preciosos colores al final de la floraci\u00f3n, la mayor\u00eda de las plantas tomar\u00e1n unos preciosos tonos rojizos\/viol\u00e1ceos hacia el final de la floraci\u00f3n, lo que la convierte en una planta excelente una vez que se cubre de tricomas con los colores del oto\u00f1o: un espect\u00e1culo fant\u00e1stico.<\/p>\n<p>Los efectos est\u00e1n perfectamente equilibrados para una fumada de todo el d\u00eda; con un agradable y edificante coloc\u00f3n en la cabeza, el cuerpo se mantiene ligero y activo, y el sabor permanece en la boca despu\u00e9s de exhalar, creando una gran sensaci\u00f3n y satisfacci\u00f3n. Los terpenos m\u00e1s expresados son el mirceno, el \u03b2-humuleno y el valenceno.<\/p>\n","protected":false},"excerpt":{"rendered":"<p>Una majestuosa mezcla de The King&#8217;s Juice, que combina los profundos perfumes florales de Mimosa con la potencia c\u00edtrica de King&#8217;s Kush, dando como resultado una planta visualmente impresionante con una compleja fragancia que recuerda al zumo de fruta fresca y hermosos colores oto\u00f1ales.<\/p>\n<p><sup>3er<\/sup> premio Copa Homegrown 2021<br \/>\n<sup>3er<\/sup> premio Copa de Espa\u00f1a 2022<\/p>\n","protected":false},"featured_media":1727,"template":"","meta":{"inline_featured_image":false},"product_cat":[94,91],"product_tag":[95],"class_list":["post-2180","product","type-product","status-publish","has-post-thumbnail","hentry","product_cat-photoperiodic-strains-es","product_cat-all-breeders-es","product_tag-premium-uncommon-aa-seeds-es-2"],"acf":[],"_links":{"self":[{"href":"https:\/\/westseed.ca\/es\/wp-json\/wp\/v2\/product\/2180","targetHints":{"allow":["GET"]}}],"collection":[{"href":"https:\/\/westseed.ca\/es\/wp-json\/wp\/v2\/product"}],"about":[{"href":"https:\/\/westseed.ca\/es\/wp-json\/wp\/v2\/types\/product"}],"version-history":[{"count":0,"href":"https:\/\/westseed.ca\/es\/wp-json\/wp\/v2\/product\/2180\/revisions"}],"wp:featuredmedia":[{"embeddable":true,"href":"https:\/\/westseed.ca\/es\/wp-json\/wp\/v2\/media\/1727"}],"wp:attachment":[{"href":"https:\/\/westseed.ca\/es\/wp-json\/wp\/v2\/media?parent=2180"}],"wp:term":[{"taxonomy":"product_cat","embeddable":true,"href":"https:\/\/westseed.ca\/es\/wp-json\/wp\/v2\/product_cat?post=2180"},{"taxonomy":"product_tag","embeddable":true,"href":"https:\/\/westseed.ca\/es\/wp-json\/wp\/v2\/product_tag?post=2180"}],"curies":[{"name":"wp","href":"https:\/\/api.w.org\/{rel}","templated":true}]}}