{"id":2181,"date":"2023-06-05T22:02:57","date_gmt":"2023-06-05T22:02:57","guid":{"rendered":"https:\/\/westseed.ca\/product\/super-buff-cereza-s1\/"},"modified":"2024-05-14T09:29:57","modified_gmt":"2024-05-14T09:29:57","slug":"super-buff-cereza-s1","status":"publish","type":"product","link":"https:\/\/westseed.ca\/es\/product\/super-buff-cereza-s1\/","title":{"rendered":"Super Buff Cereza S1"},"content":{"rendered":"<p>Super Buff Cherry #26 fue creada cruzando Blockberry-Super Boof Cut (Black Cherry Punch X Tropicanna Cookies) con Relentless Genetics Tropicana Cherry (Tropicana Cookies x Cherry Cookies f3).<\/p>\n<p>\u00abComo se puede ver en el linaje, hay una presencia significativa de Galletas Tropicana y Cerezas en la mezcla. Estoy seguro de que a trav\u00e9s de este cruce, he aprovechado las mejores cualidades de estas incre\u00edbles gen\u00e9ticas, las he elevado a nuevas alturas, y he creado algo verdaderamente notable: \u00a1\u00a1\u00a1Super Buff Cherry!!!<\/p>\n<p>El proceso de b\u00fasqueda de la Super Buff Cherry fue una experiencia estimulante, durante la cual me encontr\u00e9 con numerosos fenotipos \u00fanicos rebosantes de colores y sabores vibrantes; la b\u00fasqueda culmin\u00f3 con el descubrimiento de mi esp\u00e9cimen elegido, el fenotipo n\u00ba 26 de 33 semillas.<\/p>\n<p>La Super Buff Cherry #26 es excepcionalmente robusta, produciendo gruesas ramas laterales durante la fase vegetativa. Cultivarla es un aut\u00e9ntico placer, ya que es f\u00e1cil de manejar. Recompensa a los cultivadores con copas abundantes y hermosas y una canopia plana y bien cuidada.<\/p>\n<p>La transici\u00f3n a la fase de floraci\u00f3n es r\u00e1pida, con impresionantes flores p\u00farpuras que aparecen a partir del d\u00eda 14. A medida que avanza la floraci\u00f3n, llena r\u00e1pidamente sus cogollos, ofreciendo un espect\u00e1culo impresionante. Espere una abundancia de brotes coloridos cubiertos de escarcha.<\/p>\n<p>Esta variedad madura relativamente pronto, normalmente lista para la cosecha el d\u00eda 56, lo que corresponde a un per\u00edodo de floraci\u00f3n de ocho semanas. Los cogollos son densos, rosados y est\u00e1n recubiertos de una gruesa capa de escarcha, que desprende un aroma y un sabor afrutados tropicales.<\/p>\n<p>Super Buff Cherry #26 es un h\u00edbrido bien equilibrado, que ofrece una perfecta divisi\u00f3n 50\/50. Presume de un contenido de THC de alrededor del 26% y produce excelentes resultados de extracci\u00f3n de resina\u00bb.<\/p>\n","protected":false},"excerpt":{"rendered":"<p>Experimenta la leyenda con nuestra ex\u00f3tica variedad Cali Weed, que ha aparecido tres veces en la revista High Times. Este alucinante aroma a caramelo de cereza, unido a un potente regusto a gas, \u00a1seguramente redefinir\u00e1 tu percepci\u00f3n de la hierba de alta tecnolog\u00eda!<\/p>\n","protected":false},"featured_media":1714,"template":"","meta":{"inline_featured_image":false},"product_cat":[91,94],"product_tag":[103],"class_list":["post-2181","product","type-product","status-publish","has-post-thumbnail","hentry","product_cat-all-breeders-es","product_cat-photoperiodic-strains-es","product_tag-true-exotic-genetics-aaa"],"acf":[],"_links":{"self":[{"href":"https:\/\/westseed.ca\/es\/wp-json\/wp\/v2\/product\/2181","targetHints":{"allow":["GET"]}}],"collection":[{"href":"https:\/\/westseed.ca\/es\/wp-json\/wp\/v2\/product"}],"about":[{"href":"https:\/\/westseed.ca\/es\/wp-json\/wp\/v2\/types\/product"}],"version-history":[{"count":0,"href":"https:\/\/westseed.ca\/es\/wp-json\/wp\/v2\/product\/2181\/revisions"}],"wp:featuredmedia":[{"embeddable":true,"href":"https:\/\/westseed.ca\/es\/wp-json\/wp\/v2\/media\/1714"}],"wp:attachment":[{"href":"https:\/\/westseed.ca\/es\/wp-json\/wp\/v2\/media?parent=2181"}],"wp:term":[{"taxonomy":"product_cat","embeddable":true,"href":"https:\/\/westseed.ca\/es\/wp-json\/wp\/v2\/product_cat?post=2181"},{"taxonomy":"product_tag","embeddable":true,"href":"https:\/\/westseed.ca\/es\/wp-json\/wp\/v2\/product_tag?post=2181"}],"curies":[{"name":"wp","href":"https:\/\/api.w.org\/{rel}","templated":true}]}}