{"id":2182,"date":"2023-06-05T22:02:57","date_gmt":"2023-06-05T22:02:57","guid":{"rendered":"https:\/\/westseed.ca\/product\/strawberry-pie-auto\/"},"modified":"2023-06-05T22:02:57","modified_gmt":"2023-06-05T22:02:57","slug":"strawberry-pie-auto","status":"publish","type":"product","link":"https:\/\/westseed.ca\/es\/product\/strawberry-pie-auto\/","title":{"rendered":"Tarta de fresa"},"content":{"rendered":"<div class=\"short\">\n<p>La Strawberry Pie autofloreciente es una verdadera delicia que deleita los sentidos con su delicioso aroma y un impresionante contenido de THC del 21%. Esta llamativa variedad presenta colores \u00fanicos y desprende un cautivador aroma a bayas rojas y masa de galleta, que le dejar\u00e1 con ganas de m\u00e1s. Como superproductora de dominancia Indica, alcanza la plena madurez en aproximadamente diez semanas y puede producir hasta 400gr\/m2 de gruesas y densas flores verde claro adornadas con toques de rosa, p\u00farpura y rojo. Los largos pistilos anaranjados acent\u00faan su belleza, convirti\u00e9ndola en una variedad con un atractivo inigualable para las bolsas, especialmente atractiva para los cultivadores comerciales. Experimenta un efecto completo y relajante con un toque afrutado, dej\u00e1ndote centrado y concentrado sin sedaci\u00f3n excesiva. Tanto si se cultiva en interior como en exterior, la Strawberry Pie Autofloreciente prospera y muestra una resistencia excepcional a diversos elementos, lo que la convierte en una opci\u00f3n ideal para cultivadores de exterior que desean cosechas abundantes y cogollos vibrantes. Dada la abundante producci\u00f3n de tricomas, los extractores y fabricantes de hach\u00eds encontrar\u00e1n en esta cepa un sue\u00f1o absoluto.<\/p>\n<p>La Strawberry Pie autofloreciente exhibe encantadores cogollos verdes y ros\u00e1ceos que brillan con tricomas, acompa\u00f1ados de esbeltos y alargados pelos de color naranja claro. Los brotes se acent\u00faan con hojas de color p\u00farpura claro, rojo y amarillo, lo que aumenta su excepcional belleza y atractivo.<\/p>\n<p>Disfruta de los efectos Indica de esta variedad, que te ofrece una suave relajaci\u00f3n corporal a la vez que mantiene tu mente centrada y alerta. Es la elecci\u00f3n perfecta para fumar por la tarde o por la noche, ya que proporciona una experiencia tranquila y serena, ideal para leer un libro o ver una pel\u00edcula.<\/p>\n<p>Este cultivar sigue siendo compacto y ofrece rendimientos impresionantes de hasta 400gr\/m2. Desarrolla una cola principal alta con hojas grandes y gruesas en forma de abanico, t\u00edpicas de las variedades Indica. Las ramas laterales sim\u00e9tricas est\u00e1n envueltas en exquisitos capullos de arriba abajo. Los cogollos pueden mostrar tonos rojizos mezclados con matices rosas y p\u00farpuras, al tiempo que presentan abundantes escarchas. La Strawberry Pie Autofloreciente estar\u00e1 completamente cubierta de tricomas con aroma a fresa en el momento de la cosecha.<\/p>\n<p>Prep\u00e1rese para quedar encantado por el aroma a caramelo de fresa de esta variedad. Ofrece una compleja fusi\u00f3n de afrutado, masa de galleta y crema, con un toque de combustible que exige atenci\u00f3n. Experimenta un sabor dulce de bayas rojas y gas al inhalar, pasando lentamente a una mezcla pastosa de canela, pino y hierbas al exhalar.<\/p>\n<\/div>\n","protected":false},"excerpt":{"rendered":"<ul>\n<li>Strawberry Pie autofloreciente, una deliciosa variedad con un contenido de THC del 21%.<\/li>\n<li>Superproductora de dominancia \u00ab\u00edndica\u00bb que madura en aproximadamente diez semanas.<\/li>\n<li>Rendimiento de hasta 400gr\/m2 con flores gruesas y densas de color verde claro.<\/li>\n<li>Excepcional atractivo de la bolsa con toques de rosa, p\u00farpura y rojo.<\/li>\n<li>Efecto completo y relajante sin sedaci\u00f3n excesiva.<\/li>\n<li>Aroma a caramelo de fresa con notas afrutadas, de masa de galleta y crema.<\/li>\n<\/ul>\n","protected":false},"featured_media":1730,"template":"","meta":{"inline_featured_image":false},"product_cat":[91,104],"product_tag":[96],"class_list":["post-2182","product","type-product","status-publish","has-post-thumbnail","hentry","product_cat-all-breeders-es","product_cat-autoflowering-strains-es-2","product_tag-best-value-a-seeds-es"],"acf":[],"_links":{"self":[{"href":"https:\/\/westseed.ca\/es\/wp-json\/wp\/v2\/product\/2182","targetHints":{"allow":["GET"]}}],"collection":[{"href":"https:\/\/westseed.ca\/es\/wp-json\/wp\/v2\/product"}],"about":[{"href":"https:\/\/westseed.ca\/es\/wp-json\/wp\/v2\/types\/product"}],"version-history":[{"count":0,"href":"https:\/\/westseed.ca\/es\/wp-json\/wp\/v2\/product\/2182\/revisions"}],"wp:featuredmedia":[{"embeddable":true,"href":"https:\/\/westseed.ca\/es\/wp-json\/wp\/v2\/media\/1730"}],"wp:attachment":[{"href":"https:\/\/westseed.ca\/es\/wp-json\/wp\/v2\/media?parent=2182"}],"wp:term":[{"taxonomy":"product_cat","embeddable":true,"href":"https:\/\/westseed.ca\/es\/wp-json\/wp\/v2\/product_cat?post=2182"},{"taxonomy":"product_tag","embeddable":true,"href":"https:\/\/westseed.ca\/es\/wp-json\/wp\/v2\/product_tag?post=2182"}],"curies":[{"name":"wp","href":"https:\/\/api.w.org\/{rel}","templated":true}]}}