{"id":2183,"date":"2023-06-05T22:02:57","date_gmt":"2023-06-05T22:02:57","guid":{"rendered":"https:\/\/westseed.ca\/product\/costa-oeste-og-x-gelato-auto-41\/"},"modified":"2023-06-05T22:02:57","modified_gmt":"2023-06-05T22:02:57","slug":"costa-oeste-og-x-gelato-auto-41","status":"publish","type":"product","link":"https:\/\/westseed.ca\/es\/product\/costa-oeste-og-x-gelato-auto-41\/","title":{"rendered":"West Coast OG X Gelato Auto 41"},"content":{"rendered":"<p>Experimenta la extraordinaria complejidad y el vigorizante encanto de esta cepa, cuidadosamente elaborada para despertar tus sentidos e infundir tu d\u00eda con puro deleite. Prep\u00e1rate para embarcarte en un viaje en el que cuerpo y mente se entrelazan mientras los efectos de esta extraordinaria variedad te envuelven en un estado de sublime relajaci\u00f3n y mayor alerta muscular, complementados por el inconfundible subid\u00f3n mental por el que es famosa la OG Kush. Sum\u00e9rjase en una sensaci\u00f3n de sabor que baila por su paladar, mezclando c\u00edtricos picantes, pino arom\u00e1tico, riqueza terrosa, cremosidad aterciopelada y un toque de gas.<\/p>\n<p>He aqu\u00ed una planta de estatura exquisita, caracterizada por su forma compacta y corta, adornada con abundantes ramas que se extienden hacia el exterior en un elegante despliegue. Los espacios internodales claramente alargados, que recuerdan a su linaje OG Kush, a\u00f1aden un toque elegante a su aspecto general. El cultivo de interior promete rendimientos gratificantes, con un potencial de cosecha de hasta unos impresionantes 500g\/m2 manteniendo una altura manejable de entre 80cm y 110cm.<\/p>\n<p>Sum\u00e9rgete en la hipnotizante visi\u00f3n de las flores que adornan esta cepa, su compacidad un testimonio de su potencia, mientras que los tricomas resplandecientes brillan con encanto et\u00e9reo. Un tono verde oscuro envuelve cada cogollo, cautivando la vista y reflejando la excepcional calidad de la cepa.<\/p>\n<p>Entre la sinfon\u00eda de mol\u00e9culas arom\u00e1ticas de esta cepa, las m\u00e1s destacadas son el \u03b2-cariofileno, el linalol y el D-limoneno. Estos terpenos tejen un fragante tapiz que intensifica la experiencia sensorial, amplificando el seductor aroma de la cepa y a\u00f1adiendo profundidad a su perfil de sabor.<\/p>\n<p>Prep\u00e1rate para un encuentro con la grandeza, ya que esta extraordinaria cepa trasciende los l\u00edmites y eleva tu experiencia cann\u00e1bica a nuevas cotas.<\/p>\n","protected":false},"excerpt":{"rendered":"<p>Experimenta la fusi\u00f3n definitiva de la cl\u00e1sica OG Kush y la legendaria Gelato #41 en una versi\u00f3n autofloreciente. Esta variedad autofloreciente de primera calidad es la elecci\u00f3n de los entendidos, ya que ofrece una calidad, potencia y sabor excepcionales en un ciclo de crecimiento c\u00f3modo y acelerado.<\/p>\n","protected":false},"featured_media":1713,"template":"","meta":{"inline_featured_image":false},"product_cat":[91,104],"product_tag":[95],"class_list":["post-2183","product","type-product","status-publish","has-post-thumbnail","hentry","product_cat-all-breeders-es","product_cat-autoflowering-strains-es-2","product_tag-premium-uncommon-aa-seeds-es-2"],"acf":[],"_links":{"self":[{"href":"https:\/\/westseed.ca\/es\/wp-json\/wp\/v2\/product\/2183","targetHints":{"allow":["GET"]}}],"collection":[{"href":"https:\/\/westseed.ca\/es\/wp-json\/wp\/v2\/product"}],"about":[{"href":"https:\/\/westseed.ca\/es\/wp-json\/wp\/v2\/types\/product"}],"version-history":[{"count":0,"href":"https:\/\/westseed.ca\/es\/wp-json\/wp\/v2\/product\/2183\/revisions"}],"wp:featuredmedia":[{"embeddable":true,"href":"https:\/\/westseed.ca\/es\/wp-json\/wp\/v2\/media\/1713"}],"wp:attachment":[{"href":"https:\/\/westseed.ca\/es\/wp-json\/wp\/v2\/media?parent=2183"}],"wp:term":[{"taxonomy":"product_cat","embeddable":true,"href":"https:\/\/westseed.ca\/es\/wp-json\/wp\/v2\/product_cat?post=2183"},{"taxonomy":"product_tag","embeddable":true,"href":"https:\/\/westseed.ca\/es\/wp-json\/wp\/v2\/product_tag?post=2183"}],"curies":[{"name":"wp","href":"https:\/\/api.w.org\/{rel}","templated":true}]}}