{"id":2193,"date":"2023-06-05T22:02:57","date_gmt":"2023-06-05T22:02:57","guid":{"rendered":"https:\/\/westseed.ca\/product\/lemon-pie-auto\/"},"modified":"2023-06-05T22:02:57","modified_gmt":"2023-06-05T22:02:57","slug":"lemon-pie-auto","status":"publish","type":"product","link":"https:\/\/westseed.ca\/es\/product\/lemon-pie-auto\/","title":{"rendered":"Tarta de lim\u00f3n"},"content":{"rendered":"<div class=\"short\">\n<p>Lemon Pie Auto es un h\u00edbrido excepcional que es incre\u00edblemente f\u00e1cil de cultivar para principiantes y resistente, por lo que es adecuada para cultivadores nuevos y experimentados. Prep\u00e1rate para quedar deslumbrado por sus vibrantes cogollos, repletos de un impresionante contenido de THC del 21%. Estos coloridos cogollos muestran reflejos rojos y rosas, complementados por llamativos pistilos de color naranja claro y blanco que llaman la atenci\u00f3n. Sum\u00e9rgete en un potente subid\u00f3n que alcanza el equilibrio perfecto sin abrumar, acompa\u00f1ado de un aroma \u00fanico e inmensamente delicioso de c\u00edtricos dulces y pastosos y sol de pino. Lemon Pie Auto prospera tanto en interior como en exterior, con un rendimiento de hasta 400 gr\/m2 en 10 semanas. Sus cogollos densos y gruesos est\u00e1n muy recubiertos de resina, lo que crea un aspecto hipn\u00f3tico similar al de estar enterrado en la escarcha. Esta variedad ofrece una potencia y un sabor excepcionales, proporcionando una armoniosa mezcla de efectos cerebrales y f\u00edsicos para satisfacer incluso a los cultivadores m\u00e1s exigentes. Los extractores tambi\u00e9n se deleitar\u00e1n con su cautivador perfil de terpenos, perfecto para tentar a las papilas gustativas.<\/p>\n<p>Contemple la belleza de los cogollos de color verde claro con toques amarillos y ocasionalmente rojos o rosas, cuyo revestimiento resinoso les confiere a menudo un aspecto blanco impoluto, resaltado por la presencia de pelos de color naranja claro y blanco.<\/p>\n<p>Experimenta una combinaci\u00f3n completa de efectos cerebrales y corporales. El viaje comienza con un agradable y estimulante subid\u00f3n mental, que favorece el estado de alerta a la vez que induce una profunda relajaci\u00f3n en todo el cuerpo sin producir una sedaci\u00f3n abrumadora. Es ideal para aliviar el dolor f\u00edsico mientras se mantiene un estilo de vida activo.<\/p>\n<p>A medida que la Lemon Pie Auto florece, una alta cola principal ocupa el centro del escenario, rodeada de varias ramas laterales adornadas con gruesos cogollos medianos de color verde brillante empapados en resina. Del\u00e9itese con la c\u00e1scara pastosa de lim\u00f3n h\u00famedo que define el perfil de sabor de Lemon Pie Auto. Presenta una refrescante fusi\u00f3n de c\u00edtricos y combustible entrelazada con el dulzor de la tarta y la nata.<\/p>\n<\/div>\n","protected":false},"excerpt":{"rendered":"<ul>\n<li>Variedad h\u00edbrida resistente y apta para principiantes.<\/li>\n<li>Impresionante contenido de THC del 21% con cogollos vibrantes.<\/li>\n<li>Prospera tanto en interior como en exterior, con un rendimiento de hasta 400 gr\/m2 en diez semanas.<\/li>\n<li>Los cogollos, densos y gruesos, est\u00e1n muy cubiertos de resina, parecidos a la escarcha.<\/li>\n<li>Refrescante fusi\u00f3n de sabores a c\u00edtricos, combustible, pastel y nata.<\/li>\n<li>Aroma herbal, c\u00edtrico, skunky especiado y a pino.<\/li>\n<\/ul>\n","protected":false},"featured_media":1718,"template":"","meta":{"inline_featured_image":false},"product_cat":[91,104],"product_tag":[96],"class_list":["post-2193","product","type-product","status-publish","has-post-thumbnail","hentry","product_cat-all-breeders-es","product_cat-autoflowering-strains-es-2","product_tag-best-value-a-seeds-es"],"acf":[],"_links":{"self":[{"href":"https:\/\/westseed.ca\/es\/wp-json\/wp\/v2\/product\/2193","targetHints":{"allow":["GET"]}}],"collection":[{"href":"https:\/\/westseed.ca\/es\/wp-json\/wp\/v2\/product"}],"about":[{"href":"https:\/\/westseed.ca\/es\/wp-json\/wp\/v2\/types\/product"}],"version-history":[{"count":0,"href":"https:\/\/westseed.ca\/es\/wp-json\/wp\/v2\/product\/2193\/revisions"}],"wp:featuredmedia":[{"embeddable":true,"href":"https:\/\/westseed.ca\/es\/wp-json\/wp\/v2\/media\/1718"}],"wp:attachment":[{"href":"https:\/\/westseed.ca\/es\/wp-json\/wp\/v2\/media?parent=2193"}],"wp:term":[{"taxonomy":"product_cat","embeddable":true,"href":"https:\/\/westseed.ca\/es\/wp-json\/wp\/v2\/product_cat?post=2193"},{"taxonomy":"product_tag","embeddable":true,"href":"https:\/\/westseed.ca\/es\/wp-json\/wp\/v2\/product_tag?post=2193"}],"curies":[{"name":"wp","href":"https:\/\/api.w.org\/{rel}","templated":true}]}}