{"id":2197,"date":"2023-07-04T22:33:49","date_gmt":"2023-07-04T22:33:49","guid":{"rendered":"https:\/\/westseed.ca\/product\/galletas-kush\/"},"modified":"2023-07-04T22:33:49","modified_gmt":"2023-07-04T22:33:49","slug":"galletas-kush","status":"publish","type":"product","link":"https:\/\/westseed.ca\/es\/product\/galletas-kush\/","title":{"rendered":"Cookies Kush"},"content":{"rendered":"<p>Cookies Kush es un h\u00edbrido de predominancia \u00edndica nacido de la fusi\u00f3n de la deliciosa Girls Scout Cookies y la potente Rolex Kush. Esta exquisita variedad ofrece un subid\u00f3n que combina lo mejor de ambos mundos, mezclando cierta estimulaci\u00f3n cerebral \u00absativa\u00bb con suaves oleadas de felicidad energizante. Cada cogollo est\u00e1 generosamente recubierto de una gruesa capa de resina dulce y pegajosa. Atenci\u00f3n, esta cepa es famosa por su excepcional naturaleza pegajosa, que deja un residuo pegajoso que perdura en los dedos y en el grinder.<\/p>\n<p>Sum\u00e9rgete en la rica esencia de un tentador aroma bouquet de Cookies Kush, entrelazado con matices especiados y un delicioso toque c\u00edtrico. Esta armoniosa mezcla de aromas aumenta el atractivo y la experiencia sensorial de esta extraordinaria variedad.<\/p>\n<p>Ya sea participando en conversaciones profundas, compartiendo risas o simplemente disfrutando de la compa\u00f1\u00eda de los dem\u00e1s, Cookies Kush mejora la experiencia social con su naturaleza acogedora y relajada. Sus efectos fomentan la sensaci\u00f3n de uni\u00f3n y disfrute compartido, lo que la convierte en la compa\u00f1era ideal para reuniones sociales y momentos de uni\u00f3n.<\/p>\n","protected":false},"excerpt":{"rendered":"<p>Cookies Kush, un exquisito h\u00edbrido de predominancia \u00ab\u00edndica\u00bb, ofrece un subid\u00f3n de felicidad que combina la estimulaci\u00f3n cerebral con suaves oleadas de felicidad. Sus pegajosos cogollos recubiertos de resina, su tentador aroma y sus efectos sociales la convierten en la compa\u00f1era perfecta para momentos agradables y reuniones sociales.<\/p>\n","protected":false},"featured_media":1764,"template":"","meta":{"inline_featured_image":false},"product_cat":[94,91],"product_tag":[96],"class_list":["post-2197","product","type-product","status-publish","has-post-thumbnail","hentry","product_cat-photoperiodic-strains-es","product_cat-all-breeders-es","product_tag-best-value-a-seeds-es"],"acf":[],"_links":{"self":[{"href":"https:\/\/westseed.ca\/es\/wp-json\/wp\/v2\/product\/2197","targetHints":{"allow":["GET"]}}],"collection":[{"href":"https:\/\/westseed.ca\/es\/wp-json\/wp\/v2\/product"}],"about":[{"href":"https:\/\/westseed.ca\/es\/wp-json\/wp\/v2\/types\/product"}],"version-history":[{"count":0,"href":"https:\/\/westseed.ca\/es\/wp-json\/wp\/v2\/product\/2197\/revisions"}],"wp:featuredmedia":[{"embeddable":true,"href":"https:\/\/westseed.ca\/es\/wp-json\/wp\/v2\/media\/1764"}],"wp:attachment":[{"href":"https:\/\/westseed.ca\/es\/wp-json\/wp\/v2\/media?parent=2197"}],"wp:term":[{"taxonomy":"product_cat","embeddable":true,"href":"https:\/\/westseed.ca\/es\/wp-json\/wp\/v2\/product_cat?post=2197"},{"taxonomy":"product_tag","embeddable":true,"href":"https:\/\/westseed.ca\/es\/wp-json\/wp\/v2\/product_tag?post=2197"}],"curies":[{"name":"wp","href":"https:\/\/api.w.org\/{rel}","templated":true}]}}