{"id":2198,"date":"2023-06-05T22:02:57","date_gmt":"2023-06-05T22:02:57","guid":{"rendered":"https:\/\/westseed.ca\/product\/sidra-dulce\/"},"modified":"2023-06-05T22:02:57","modified_gmt":"2023-06-05T22:02:57","slug":"sidra-dulce","status":"publish","type":"product","link":"https:\/\/westseed.ca\/es\/product\/sidra-dulce\/","title":{"rendered":"Sidra dulce"},"content":{"rendered":"<p>Presentamos Sweet Cider, una extraordinaria variedad creada por Grow More Fire Genetics mediante el cruce de la prol\u00edfica productora Apple Fritter &#8211; Lumpy Cut, con la apreciada Super Buff Cherry #26. Prep\u00e1rate para cosechas generosas de cogollos densos y duros como rocas que son un espect\u00e1culo para la vista.<\/p>\n<p>Procedente del norte de California, Apple Fritter surgi\u00f3 como una potente creaci\u00f3n de Lumpy&#8217;s Flowers, fusionando las gen\u00e9ticas de Sour Apple y Animal Cookies. Como variedad de predominancia \u00ab\u00edndica\u00bb, ofrece una experiencia potente y cautivadora.<\/p>\n<p>Sum\u00e9rjase en las olas euf\u00f3ricas, la tranquilidad inquebrantable y la relajaci\u00f3n profunda por las que es famoso Apple Fritter. Sus excepcionales cualidades le han valido el prestigioso 2\u00ba puesto para H\u00edbridos en la High Times Northern California Cup de 2016, consolidando su estatus entre las mejores cepas del mercado.<\/p>\n<p>Prep\u00e1rate para cultivar Sweet Cider, una variedad que hereda lo mejor de ambos padres, prometiendo rendimientos sustanciales y el potencial de un extraordinario viaje cann\u00e1bico. Del\u00e9itate con los encantadores sabores de las manzanas frescas y siente los efectos de este h\u00edbrido excepcional, ya que lleva tus esfuerzos de cultivo a nuevas alturas.<\/p>\n","protected":false},"excerpt":{"rendered":"<p>Presentamos Sweet Cider, una extraordinaria variedad creada por Grow More Fire Genetics, que mezcla la prol\u00edfica Apple Fritter &#8211; Lumpy Cut con la preciada Super Buff Cherry #26. Prep\u00e1rese para dejarse hechizar por el tentador aroma a manzanas frescas y dulces que emana de este extraordinario h\u00edbrido.<\/p>\n","protected":false},"featured_media":1757,"template":"","meta":{"inline_featured_image":false},"product_cat":[94,91],"product_tag":[103],"class_list":["post-2198","product","type-product","status-publish","has-post-thumbnail","hentry","product_cat-photoperiodic-strains-es","product_cat-all-breeders-es","product_tag-true-exotic-genetics-aaa"],"acf":[],"_links":{"self":[{"href":"https:\/\/westseed.ca\/es\/wp-json\/wp\/v2\/product\/2198","targetHints":{"allow":["GET"]}}],"collection":[{"href":"https:\/\/westseed.ca\/es\/wp-json\/wp\/v2\/product"}],"about":[{"href":"https:\/\/westseed.ca\/es\/wp-json\/wp\/v2\/types\/product"}],"version-history":[{"count":0,"href":"https:\/\/westseed.ca\/es\/wp-json\/wp\/v2\/product\/2198\/revisions"}],"wp:featuredmedia":[{"embeddable":true,"href":"https:\/\/westseed.ca\/es\/wp-json\/wp\/v2\/media\/1757"}],"wp:attachment":[{"href":"https:\/\/westseed.ca\/es\/wp-json\/wp\/v2\/media?parent=2198"}],"wp:term":[{"taxonomy":"product_cat","embeddable":true,"href":"https:\/\/westseed.ca\/es\/wp-json\/wp\/v2\/product_cat?post=2198"},{"taxonomy":"product_tag","embeddable":true,"href":"https:\/\/westseed.ca\/es\/wp-json\/wp\/v2\/product_tag?post=2198"}],"curies":[{"name":"wp","href":"https:\/\/api.w.org\/{rel}","templated":true}]}}