{"id":2200,"date":"2023-06-05T22:02:57","date_gmt":"2023-06-05T22:02:57","guid":{"rendered":"https:\/\/westseed.ca\/product\/cherry-cola-auto\/"},"modified":"2023-06-05T22:02:57","modified_gmt":"2023-06-05T22:02:57","slug":"cherry-cola-auto","status":"publish","type":"product","link":"https:\/\/westseed.ca\/es\/product\/cherry-cola-auto\/","title":{"rendered":"Cereza Cola"},"content":{"rendered":"<p>Cherry Cola Auto es una variedad incre\u00edblemente potente que puede contener hasta un 23% de THC. Esta excepcional variedad ofrece un perfil de sabor \u00fanico y delicioso, con bayas tropicales y la dulce esencia de la cereza cola. Gracias a su excepcional composici\u00f3n gen\u00e9tica, presenta un r\u00e1pido crecimiento y robustez, lo que se traduce en unos impresionantes rendimientos de hasta 400 gr\/m2 en menos de diez semanas. Con sus efectos bien equilibrados y potentes, Cherry Cola Auto induce un alegre bienestar, permitiendo la relajaci\u00f3n y una experiencia despreocupada durante todo el d\u00eda. Tanto si busca relajaci\u00f3n como una experiencia de fumada sabrosa y potente, Cherry Cola Auto es una elecci\u00f3n excepcional que no debe perderse. Con su elevado contenido en cannabinoides, su distintivo perfil de sabor y su impresionante potencial de rendimiento, esta variedad es una prueba obligada tanto para cultivadores experimentados como para entusiastas del cannabis.<\/p>\n<p>Prep\u00e1rese para dejarse cautivar por los abundantes cogollos cubiertos de escarcha que desprenden un encantador aroma a cereza. Cherry Cola Auto produce densos cogollos verde claro adornados con toques magenta y largos pelos naranja oscuro, que culminan en un tono azulado debido a la capa resinosa.<\/p>\n<p>Del\u00e9itese con los efectos estimulantes de Cherry Cola Auto, que elevan su estado de \u00e1nimo y relajan profundamente su mente, dej\u00e1ndole libre de estr\u00e9s y contento. El subid\u00f3n cerebral inicial se transforma gradualmente en un efecto f\u00edsico calmante que alivia el dolor muscular y ayuda a controlar la ansiedad y los trastornos alimentarios sin causar una sedaci\u00f3n excesiva.<\/p>\n<p>Esta variedad presenta una estructura de crecimiento tupida con hojas esbeltas de color verde oscuro que pasan a un hermoso tono verde claro matizado con toques de rosa. En el momento de la cosecha, los cogollos est\u00e1n completamente recubiertos de tricomas, lo que la convierte en una excelente elecci\u00f3n para extractores y fabricantes de hach\u00eds que aprecian la calidad.<\/p>\n<p>Cherry Cola Auto ofrece una combinaci\u00f3n viva y efervescente de sabores a cereza, fresa y frambuesa que tientan las papilas gustativas, dejando una sensaci\u00f3n deliciosa y persistente.<\/p>\n","protected":false},"excerpt":{"rendered":"<ul>\n<li>Cherry Cola Auto, una potente variedad con niveles de THC de hasta el 23%.<\/li>\n<li>R\u00e1pido crecimiento y robustez, con un rendimiento de hasta 400 gr\/m2 en menos de 10 semanas.<\/li>\n<li>Abundantes cogollos cubiertos de escarcha que desprenden un encantador aroma a cereza.<\/li>\n<li>Efectos equilibrados y potentes para una relajaci\u00f3n y una experiencia sin preocupaciones.<\/li>\n<li>Vivaz combinaci\u00f3n de sabores a cereza, fresa y frambuesa.<\/li>\n<\/ul>\n","protected":false},"featured_media":1729,"template":"","meta":{"inline_featured_image":false},"product_cat":[91,104],"product_tag":[96],"class_list":["post-2200","product","type-product","status-publish","has-post-thumbnail","hentry","product_cat-all-breeders-es","product_cat-autoflowering-strains-es-2","product_tag-best-value-a-seeds-es"],"acf":[],"_links":{"self":[{"href":"https:\/\/westseed.ca\/es\/wp-json\/wp\/v2\/product\/2200","targetHints":{"allow":["GET"]}}],"collection":[{"href":"https:\/\/westseed.ca\/es\/wp-json\/wp\/v2\/product"}],"about":[{"href":"https:\/\/westseed.ca\/es\/wp-json\/wp\/v2\/types\/product"}],"version-history":[{"count":0,"href":"https:\/\/westseed.ca\/es\/wp-json\/wp\/v2\/product\/2200\/revisions"}],"wp:featuredmedia":[{"embeddable":true,"href":"https:\/\/westseed.ca\/es\/wp-json\/wp\/v2\/media\/1729"}],"wp:attachment":[{"href":"https:\/\/westseed.ca\/es\/wp-json\/wp\/v2\/media?parent=2200"}],"wp:term":[{"taxonomy":"product_cat","embeddable":true,"href":"https:\/\/westseed.ca\/es\/wp-json\/wp\/v2\/product_cat?post=2200"},{"taxonomy":"product_tag","embeddable":true,"href":"https:\/\/westseed.ca\/es\/wp-json\/wp\/v2\/product_tag?post=2200"}],"curies":[{"name":"wp","href":"https:\/\/api.w.org\/{rel}","templated":true}]}}