{"id":2212,"date":"2023-06-05T22:02:57","date_gmt":"2023-06-05T22:02:57","guid":{"rendered":"https:\/\/westseed.ca\/product\/tangie-auto\/"},"modified":"2023-06-05T22:02:57","modified_gmt":"2023-06-05T22:02:57","slug":"tangie-auto","status":"publish","type":"product","link":"https:\/\/westseed.ca\/es\/product\/tangie-auto\/","title":{"rendered":"AutoTangie"},"content":{"rendered":"<p>Vive un viaje extraordinario lleno de euforia al adentrarte en el mundo de AutoTangie. Esta excepcional variedad cuenta con un impresionante contenido de THC de hasta el 22%, lo que garantiza una experiencia potente e inolvidable. Meticulosamente elaborada utilizando gen\u00e9tica autofloreciente de \u00faltima generaci\u00f3n, esta mezcla Sativa encierra la esencia de la excelencia atemporal. Conocida por su excepcional productividad, AutoTangie produce cogollos compactos adornados con una capa escarchada, listos para liberar la inconfundible esencia de AutoTangie.<\/p>\n<p>Sum\u00e9rgete en una aventura Sativa que equilibra a la perfecci\u00f3n un subid\u00f3n funcional y una experiencia l\u00facida. AutoTangie es el compa\u00f1ero ideal para las tareas diurnas, ya que mejora la concentraci\u00f3n y la productividad. Los usuarios hablan maravillas de su capacidad para estimular la creatividad, dinamizar actividades recreativas y tareas exigentes.<\/p>\n<p>Deleite su paladar con la deliciosa sinfon\u00eda de sabores que ofrece AutoTangie. Abrace la armoniosa fusi\u00f3n de dulces matices terrosos entrelazados con sabrosas r\u00e1fagas de naranja. El resultado es una apetitosa sinfon\u00eda de c\u00edtricos que le dejar\u00e1 con ganas de m\u00e1s.<\/p>\n","protected":false},"excerpt":{"rendered":"<ul>\n<li>Ciclo de crecimiento r\u00e1pido de s\u00f3lo 70 d\u00edas.<\/li>\n<li>Contenido de THC de hasta el 22%.<\/li>\n<li>Mezcla sativa de excelencia atemporal.<\/li>\n<li>Productividad excepcional y cogollos compactos.<\/li>\n<li>Coloc\u00f3n funcional con una experiencia l\u00facida.<\/li>\n<li>Estimula la creatividad.<\/li>\n<li>Dulces matices terrosos con sabrosas r\u00e1fagas de naranja.<\/li>\n<\/ul>\n","protected":false},"featured_media":1720,"template":"","meta":{"inline_featured_image":false},"product_cat":[91,104],"product_tag":[96],"class_list":["post-2212","product","type-product","status-publish","has-post-thumbnail","hentry","product_cat-all-breeders-es","product_cat-autoflowering-strains-es-2","product_tag-best-value-a-seeds-es"],"acf":[],"_links":{"self":[{"href":"https:\/\/westseed.ca\/es\/wp-json\/wp\/v2\/product\/2212","targetHints":{"allow":["GET"]}}],"collection":[{"href":"https:\/\/westseed.ca\/es\/wp-json\/wp\/v2\/product"}],"about":[{"href":"https:\/\/westseed.ca\/es\/wp-json\/wp\/v2\/types\/product"}],"version-history":[{"count":0,"href":"https:\/\/westseed.ca\/es\/wp-json\/wp\/v2\/product\/2212\/revisions"}],"wp:featuredmedia":[{"embeddable":true,"href":"https:\/\/westseed.ca\/es\/wp-json\/wp\/v2\/media\/1720"}],"wp:attachment":[{"href":"https:\/\/westseed.ca\/es\/wp-json\/wp\/v2\/media?parent=2212"}],"wp:term":[{"taxonomy":"product_cat","embeddable":true,"href":"https:\/\/westseed.ca\/es\/wp-json\/wp\/v2\/product_cat?post=2212"},{"taxonomy":"product_tag","embeddable":true,"href":"https:\/\/westseed.ca\/es\/wp-json\/wp\/v2\/product_tag?post=2212"}],"curies":[{"name":"wp","href":"https:\/\/api.w.org\/{rel}","templated":true}]}}