{"id":2215,"date":"2023-06-05T22:02:57","date_gmt":"2023-06-05T22:02:57","guid":{"rendered":"https:\/\/westseed.ca\/product\/purple-punch-auto\/"},"modified":"2023-06-05T22:02:57","modified_gmt":"2023-06-05T22:02:57","slug":"purple-punch-auto","status":"publish","type":"product","link":"https:\/\/westseed.ca\/es\/product\/purple-punch-auto\/","title":{"rendered":"Ponche morado"},"content":{"rendered":"<div class=\"short\">\n<p>Purple Punch es un gigante autofloreciente que alcanza una altura de 150 cm y te recompensa con rendimientos masivos de hasta 450gr\/m2. Esta moderna variedad de Cali encarna todo lo que se puede esperar de un h\u00edbrido \u00abIndica-dominante\u00bb de primera calidad: cogollos cubiertos de resina con la densidad caracter\u00edstica de las variedades \u00abIndica-dominantes\u00bb y un atractivo en bolsa que asombra incluso a los cultivadores m\u00e1s experimentados. Prep\u00e1rate para una deliciosa gama de tonos p\u00farpura y magenta que adornan los cogollos, acompa\u00f1ados de un sabor dulce, casi pastelero. Con un contenido de THC del 22%, prep\u00e1rate para un efecto agradablemente potente que comienza con un subid\u00f3n motivador y te lleva gradualmente a una relajaci\u00f3n profunda, eliminando cualquier exceso de energ\u00eda.<\/p>\n<p>Purple Punch Auto desarrolla cogollos redondeados y compactos adornados con c\u00e1lices regordetes, pelos de color naranja vibrante o a veces amarillo brillante. Estos cogollos, ricos en resina, cuentan con abundantes tricomas, proporcionando el deseado aspecto escarchado que los cultivadores buscan ansiosamente. Los brotes de color verde claro pueden mostrar sutiles toques de tonos p\u00farpura o verde lima, que realzan su encantador y cautivador atractivo. Incluso antes de mirar los cogollos, la irresistible combinaci\u00f3n de cerezas terrosas y magdalenas de ar\u00e1ndanos, con un toque picante, cautivar\u00e1 sus sentidos.<\/p>\n<p>A pesar de su altura, esta cepa mantiene una estructura relativamente compacta debido a su dominancia Indica. Su crecimiento muestra hojas anchas y robustas en forma de abanico, t\u00edpicas de las variedades de predominancia \u00edndica. Prevea una cola principal importante y algunas ramas laterales m\u00e1s cortas, cada una de ellas con entrenudos uniformemente espaciados. Estas flores cubiertas de escarcha florecen y se transforman en impresionantes capullos que aparecen en esteroides al final de la fase de floraci\u00f3n.<\/p>\n<p>Gracias a su excepcional gen\u00e9tica, esta cepa ofrece un perfil de sabor distintivo que combina armoniosamente ar\u00e1ndanos frescos y cerezas terrosas. Se complementa con sutiles matices especiados y un toque de acidez azucarada. Al inhalar, el humo dulce inunda tu paladar con el sabor de una deliciosa magdalena de ar\u00e1ndanos. Al exhalar, un delicioso dulzor permanece en la boca, parecido a la sensaci\u00f3n de saborear un postre exquisito.<\/p>\n<\/div>\n","protected":false},"excerpt":{"rendered":"<ul>\n<li>Rendimientos masivos de hasta 450 g\/m2.<\/li>\n<li>Contenido de THC del 22% para un efecto agradablemente potente.<\/li>\n<li>Cogollos cubiertos de resina con densas caracter\u00edsticas de Indica dominante.<\/li>\n<li>Sorprendente bolso atractivo con tonos morados y magenta.<\/li>\n<li>Cogollos redondeados y compactos con pelos de color naranja o amarillo vibrante.<\/li>\n<li>Estructura relativamente compacta con amplias y robustas hojas en abanico.<\/li>\n<li>Irresistible combinaci\u00f3n de cerezas terrosas y magdalenas de ar\u00e1ndanos.<\/li>\n<\/ul>\n","protected":false},"featured_media":1721,"template":"","meta":{"inline_featured_image":false},"product_cat":[91,104],"product_tag":[96],"class_list":["post-2215","product","type-product","status-publish","has-post-thumbnail","hentry","product_cat-all-breeders-es","product_cat-autoflowering-strains-es-2","product_tag-best-value-a-seeds-es"],"acf":[],"_links":{"self":[{"href":"https:\/\/westseed.ca\/es\/wp-json\/wp\/v2\/product\/2215","targetHints":{"allow":["GET"]}}],"collection":[{"href":"https:\/\/westseed.ca\/es\/wp-json\/wp\/v2\/product"}],"about":[{"href":"https:\/\/westseed.ca\/es\/wp-json\/wp\/v2\/types\/product"}],"version-history":[{"count":0,"href":"https:\/\/westseed.ca\/es\/wp-json\/wp\/v2\/product\/2215\/revisions"}],"wp:featuredmedia":[{"embeddable":true,"href":"https:\/\/westseed.ca\/es\/wp-json\/wp\/v2\/media\/1721"}],"wp:attachment":[{"href":"https:\/\/westseed.ca\/es\/wp-json\/wp\/v2\/media?parent=2215"}],"wp:term":[{"taxonomy":"product_cat","embeddable":true,"href":"https:\/\/westseed.ca\/es\/wp-json\/wp\/v2\/product_cat?post=2215"},{"taxonomy":"product_tag","embeddable":true,"href":"https:\/\/westseed.ca\/es\/wp-json\/wp\/v2\/product_tag?post=2215"}],"curies":[{"name":"wp","href":"https:\/\/api.w.org\/{rel}","templated":true}]}}