{"id":2218,"date":"2023-06-05T22:02:57","date_gmt":"2023-06-05T22:02:57","guid":{"rendered":"https:\/\/westseed.ca\/product\/gorilla-cookies-auto\/"},"modified":"2023-06-05T22:02:57","modified_gmt":"2023-06-05T22:02:57","slug":"gorilla-cookies-auto","status":"publish","type":"product","link":"https:\/\/westseed.ca\/es\/product\/gorilla-cookies-auto\/","title":{"rendered":"Galletas Gorila"},"content":{"rendered":"<div class=\"short\">\n<p>Introduce la sensaci\u00f3n sin igual de Auto Gorilla Cookies, una variedad que reina como la m\u00e1s buscada del mundo. Prep\u00e1rate para asombrarte por su potencia, con un asombroso contenido de THC de hasta el 25%. Esta excepcional cepa combina armoniosamente las mejores cualidades de sus cepas parentales, dando como resultado una experiencia verdaderamente extraordinaria para cultivadores de todos los niveles. Tanto si es un cultivador novato como un cultivador comercial en busca de una calidad inigualable, Gorilla Cookies responde a sus deseos. Prep\u00e1rate para una cosecha abundante, con un rendimiento aproximado de 550gr\/m2 de cogollos densos que desaf\u00edan las expectativas. A medida que avanza la fase de floraci\u00f3n, los niveles notablemente altos de THC dan lugar a abundante resina, cubriendo los cogollos con una hipnotizante capa de tricomas y transform\u00e1ndolos en un aspecto blanco casi inmaculado.<\/p>\n<p>Las flores de Gorilla Cookies florecen en cogollos macizos y gruesos que exhiben una cautivadora mezcla de tonos verdes oscuros y claros, complementados por vibrantes pelos anaranjados que realzan su irresistible atractivo en bolsa. Sin embargo, es la cautivadora escarcha la que realmente roba el protagonismo. Esta variedad presenta una extraordinaria producci\u00f3n de tricomas desde las primeras fases de floraci\u00f3n, que se intensifica a medida que se acerca la cosecha hasta que los cogollos est\u00e1n completamente envueltos en resina.<\/p>\n<p>Como h\u00edbrido perfectamente equilibrado, Gorilla Cookies proporciona un estimulante subid\u00f3n mental que desata la euforia y la risa. Gradualmente, se transforma en un potente subid\u00f3n corporal que envuelve los ojos y la cara, induciendo un profundo estado de relajaci\u00f3n sin importar d\u00f3nde te encuentres. Este subid\u00f3n sin\u00e9rgico es ideal para relajarse despu\u00e9s de un largo d\u00eda de trabajo, ofreciendo una feliz sensaci\u00f3n de tranquilidad.<\/p>\n<p>De porte robusto y tupido, alcanzando una altura de aproximadamente 150 cm, Gorilla Cookies muestra una estructura compacta pero robusta, con espacios internodales bien espaciados. Se espera el desarrollo de una gruesa cola principal acompa\u00f1ada de amplias ramas laterales, todo lo cual requiere un mantenimiento m\u00ednimo. Con un periodo de floraci\u00f3n de aproximadamente diez semanas, esta variedad se encuentra entre nuestras creaciones de mayor rendimiento, capaz de producir hasta 550 gr\/m2. A lo largo de la fase de floraci\u00f3n, prep\u00e1rate para dejarte cautivar por la extraordinaria producci\u00f3n de tricomas, que se traduce en un importante aumento de peso a medida que los cogollos se envuelven por completo en resina, emanando un irresistible aroma que recuerda al de las galletas y el gas.<\/p>\n<p>Gorilla Cookies Auto presenta un complejo perfil de sabor que combina maravillosamente una deliciosa esencia kush con sutiles toques de menta terrosa, complementados por un delicado dulzor que evoca galletas reci\u00e9n horneadas. Al exhalar, anticipa una fusi\u00f3n picante de avellana y matices terrosos, acentuando el sabor distintivo e inolvidable de la cepa. Gorilla Cookies Auto es la elecci\u00f3n definitiva para aquellos que buscan un humo suave y sabroso que tenga garra. El curado adecuado de estos cogollos recompensar\u00e1 tus esfuerzos con un humo arom\u00e1tico que deja una impresi\u00f3n duradera, sumergiendo tus sentidos en puro deleite.<\/p>\n<\/div>\n<div class=\"desc\">\n<p>&nbsp;<\/p>\n<\/div>\n","protected":false},"excerpt":{"rendered":"<ul>\n<li>Sensaci\u00f3n inigualable de las cepas Gorilla y GSC.<\/li>\n<li>Contenido de THC de hasta el 25%.<\/li>\n<li>Cosecha abundante de hasta 550 g\/m2.<\/li>\n<li>Densos cogollos cubiertos de hipnotizantes tricomas.<\/li>\n<li>Estructura compacta y robusta con un mantenimiento m\u00ednimo.<\/li>\n<li>Perfil de sabor complejo con matices de c\u00e1\u00f1amo, menta y galleta.<\/li>\n<li>Humo suave y sabroso que deja una impresi\u00f3n duradera.<\/li>\n<\/ul>\n","protected":false},"featured_media":1719,"template":"","meta":{"inline_featured_image":false},"product_cat":[91,104],"product_tag":[96],"class_list":["post-2218","product","type-product","status-publish","has-post-thumbnail","hentry","product_cat-all-breeders-es","product_cat-autoflowering-strains-es-2","product_tag-best-value-a-seeds-es"],"acf":[],"_links":{"self":[{"href":"https:\/\/westseed.ca\/es\/wp-json\/wp\/v2\/product\/2218","targetHints":{"allow":["GET"]}}],"collection":[{"href":"https:\/\/westseed.ca\/es\/wp-json\/wp\/v2\/product"}],"about":[{"href":"https:\/\/westseed.ca\/es\/wp-json\/wp\/v2\/types\/product"}],"version-history":[{"count":0,"href":"https:\/\/westseed.ca\/es\/wp-json\/wp\/v2\/product\/2218\/revisions"}],"wp:featuredmedia":[{"embeddable":true,"href":"https:\/\/westseed.ca\/es\/wp-json\/wp\/v2\/media\/1719"}],"wp:attachment":[{"href":"https:\/\/westseed.ca\/es\/wp-json\/wp\/v2\/media?parent=2218"}],"wp:term":[{"taxonomy":"product_cat","embeddable":true,"href":"https:\/\/westseed.ca\/es\/wp-json\/wp\/v2\/product_cat?post=2218"},{"taxonomy":"product_tag","embeddable":true,"href":"https:\/\/westseed.ca\/es\/wp-json\/wp\/v2\/product_tag?post=2218"}],"curies":[{"name":"wp","href":"https:\/\/api.w.org\/{rel}","templated":true}]}}