{"id":2221,"date":"2023-06-05T22:02:57","date_gmt":"2023-06-05T22:02:57","guid":{"rendered":"https:\/\/westseed.ca\/product\/prohibido-runtz-auto\/"},"modified":"2023-06-05T22:02:57","modified_gmt":"2023-06-05T22:02:57","slug":"prohibido-runtz-auto","status":"publish","type":"product","link":"https:\/\/westseed.ca\/es\/product\/prohibido-runtz-auto\/","title":{"rendered":"Runtz prohibido"},"content":{"rendered":"<div class=\"short\">\n<p>Esta excepcional cepa hereda los rasgos de m\u00e1xima calidad que hicieron famosos a sus renombrados padres californianos. Con su impresionante potencial de rendimiento de hasta 500gr\/m2 en poco menos de nueve semanas, es la elecci\u00f3n perfecta para aquellos que buscan cogollos de alta calidad en un plazo relativamente corto. Prep\u00e1rese para una deliciosa y sabrosa sinfon\u00eda de aromas. Gracias a su notable contenido del 22% de THC, esta cepa proporciona un subid\u00f3n cerebral que golpea entre los ojos antes de transformarse gradualmente en una profunda relajaci\u00f3n f\u00edsica.<\/p>\n<p>Los cogollos de esta variedad superan la densidad de la mayor\u00eda de h\u00edbridos con predominancia Indica, mostrando una distintiva forma puntiaguda, casi de lanza. Los c\u00e1lices hinchados, adornados con unos delicados pelos de color naranja claro, est\u00e1n elegantemente espaciados por los capullos. Una gruesa capa de resina cubre toda la superficie, lo que les confiere un color verde blanquecino. Las abundantes hojas azucaradas recubiertas de tricomas ofrecen un tentador anticipo de lo que est\u00e1 por venir, lo que indica que esta cepa es potente y satisface incluso a los consumidores m\u00e1s exigentes.<\/p>\n<p>Como variedad genuinamente vigorosa, esta cepa muestra con orgullo su vigor h\u00edbrido. De cada entrenudo surgen robustas hojas en abanico con numerosos dedos delgados, rodeados de cogollos redondeados del tama\u00f1o de pelotas de golf. El crecimiento culmina en un brote central en forma de obelisco en el \u00e1pice. Con su generoso potencial de rendimiento, esta variedad recompensa a los cultivadores con hasta 500gr\/m2 de cogollos de primera calidad.<\/p>\n<p>Al inhalarla, esta cepa ofrece el notorio encanto de la fruta prohibida, entrelazando sabores afrutados y dulces con un toque de terpenos terrosos. El resultado es una fumada cremosa y agradablemente suave que evoluciona gradualmente hacia una sensaci\u00f3n casi de caramelo, acentuada por matices c\u00edtricos. Un regusto persistente y delicioso deja la boca con ganas de m\u00e1s. Los fumadores que aprecian las variedades que les intrigan con cada calada encontrar\u00e1n en esta variedad una elecci\u00f3n ideal.<\/p>\n<\/div>\n","protected":false},"excerpt":{"rendered":"<ul>\n<li>Hered\u00f3 rasgos de primera calidad de renombrados padres californianos.<\/li>\n<li>Notable contenido de THC del 22% para un subid\u00f3n cerebral y relajaci\u00f3n f\u00edsica.<\/li>\n<li>Impresionante potencial de rendimiento de hasta 500 g\/m2 en menos de diez semanas.<\/li>\n<li>Brote central en forma de obelisco en el \u00e1pice.<\/li>\n<li>Humo cremoso y suave con sensaci\u00f3n de caramelo y matices c\u00edtricos.<\/li>\n<li>Elecci\u00f3n ideal para fumadores que buscan variedades con aromas intrigantes.<\/li>\n<\/ul>\n","protected":false},"featured_media":1722,"template":"","meta":{"inline_featured_image":false},"product_cat":[91,104],"product_tag":[96],"class_list":["post-2221","product","type-product","status-publish","has-post-thumbnail","hentry","product_cat-all-breeders-es","product_cat-autoflowering-strains-es-2","product_tag-best-value-a-seeds-es"],"acf":[],"_links":{"self":[{"href":"https:\/\/westseed.ca\/es\/wp-json\/wp\/v2\/product\/2221","targetHints":{"allow":["GET"]}}],"collection":[{"href":"https:\/\/westseed.ca\/es\/wp-json\/wp\/v2\/product"}],"about":[{"href":"https:\/\/westseed.ca\/es\/wp-json\/wp\/v2\/types\/product"}],"version-history":[{"count":0,"href":"https:\/\/westseed.ca\/es\/wp-json\/wp\/v2\/product\/2221\/revisions"}],"wp:featuredmedia":[{"embeddable":true,"href":"https:\/\/westseed.ca\/es\/wp-json\/wp\/v2\/media\/1722"}],"wp:attachment":[{"href":"https:\/\/westseed.ca\/es\/wp-json\/wp\/v2\/media?parent=2221"}],"wp:term":[{"taxonomy":"product_cat","embeddable":true,"href":"https:\/\/westseed.ca\/es\/wp-json\/wp\/v2\/product_cat?post=2221"},{"taxonomy":"product_tag","embeddable":true,"href":"https:\/\/westseed.ca\/es\/wp-json\/wp\/v2\/product_tag?post=2221"}],"curies":[{"name":"wp","href":"https:\/\/api.w.org\/{rel}","templated":true}]}}