{"id":2224,"date":"2023-06-05T22:02:57","date_gmt":"2023-06-05T22:02:57","guid":{"rendered":"https:\/\/westseed.ca\/product\/stardawg-auto\/"},"modified":"2023-06-05T22:02:57","modified_gmt":"2023-06-05T22:02:57","slug":"stardawg-auto","status":"publish","type":"product","link":"https:\/\/westseed.ca\/es\/product\/stardawg-auto\/","title":{"rendered":"Stardawg"},"content":{"rendered":"<div class=\"short\">\n<p>Prep\u00e1rate para un viaje extraordinario mientras te adentras en el amplio mundo de esta robusta variedad h\u00edbrida. Brilla con luz propia por su notable crecimiento, su impresionante contenido de THC del 22% y sus cautivadores sabores.<\/p>\n<p>Contemple la belleza de sus capullos, un espect\u00e1culo para la vista con su exuberante tono verde, meticulosamente recubiertos de una fascinante capa de brillantes cristales que captan la luz. Los pistilos de color naranja vibrante se entrelazan con los cogollos, creando un impresionante contraste visual que es un verdadero fest\u00edn para los ojos. La abundancia de resina que envuelve estos cogollos garantiza una experiencia pegajosa, ya que se adhiere a tus dedos, haciendo que cada miga en tu grinder sea una delicia para los sentidos. Tanto si eres un entendido como un reci\u00e9n llegado al mundo de las extracciones de cannabis, esta variedad te garantiza unos resultados extraordinarios.<\/p>\n<p>Prep\u00e1rese para una experiencia de fumado extraordinaria que combina lo mejor de ambos mundos. Con una armoniosa mezcla de \u00abSativa\u00bb vigorizante para la cabeza y \u00abIndica\u00bb calmante para el cuerpo, cada calada es una sinfon\u00eda de sensaciones que bailan a trav\u00e9s de tu mente y tu cuerpo. Los novatos deben acercarse con precauci\u00f3n, ya que la potencia de esta cepa puede ser abrumadora. Aun as\u00ed, a quienes buscan una experiencia inmersiva y transformadora, les invita a explorar las profundidades de la euforia.<\/p>\n<p>Saboree los sabores que se despliegan con cada inhalaci\u00f3n y exhalaci\u00f3n, un tapiz de sabor intrigante y satisfactorio. Notas s\u00f3lidas y arom\u00e1ticas de acidez saludan al paladar, mezcl\u00e1ndose con matices qu\u00edmicos distintivos que a\u00f1aden un toque de complejidad. A medida que el viaje contin\u00faa, surgen toques diesel, creando un perfil de sabor multidimensional que es realmente \u00fanico. Los matices terrosos amargos se entrelazan con los sabores \u00e1cidos s\u00f3lidos, ofreciendo un espectro de sabores con cuerpo e inolvidable que perdura en la lengua, dejando una huella de satisfacci\u00f3n indeleble.<\/p>\n<p>En el mundo del cannabis, esta variedad h\u00edbrida se mantiene en pie, cautivando a cultivadores y entusiastas por igual con su vigoroso crecimiento, tentadores sabores y potente contenido de THC. Es un testimonio de las infinitas posibilidades y alegr\u00edas de esta planta, que invita a sumergirse en su esplendor y experimentar la magia de primera mano.<\/p>\n<\/div>\n","protected":false},"excerpt":{"rendered":"<ul>\n<li>Extraordinario viaje al mundo de una robusta cepa h\u00edbrida \u00e1cida.<\/li>\n<li>Crecimiento notable y un impresionante contenido de THC del 21%.<\/li>\n<li>Cosecha hasta 400 g\/m2 en 10 semanas desde la semilla hasta la cosecha.<\/li>\n<li>Exuberantes capullos verdes recubiertos de brillantes cristales.<\/li>\n<li>Armoniosa mezcla de vigorizante subid\u00f3n mental y relajante subid\u00f3n corporal.<\/li>\n<li>Agrio picante con matices qu\u00edmicos distintivos.<\/li>\n<li>Matices terrosos amargos entrelazados con fuertes sabores \u00e1cidos.<\/li>\n<\/ul>\n","protected":false},"featured_media":1717,"template":"","meta":{"inline_featured_image":false},"product_cat":[91,104],"product_tag":[96],"class_list":["post-2224","product","type-product","status-publish","has-post-thumbnail","hentry","product_cat-all-breeders-es","product_cat-autoflowering-strains-es-2","product_tag-best-value-a-seeds-es"],"acf":[],"_links":{"self":[{"href":"https:\/\/westseed.ca\/es\/wp-json\/wp\/v2\/product\/2224","targetHints":{"allow":["GET"]}}],"collection":[{"href":"https:\/\/westseed.ca\/es\/wp-json\/wp\/v2\/product"}],"about":[{"href":"https:\/\/westseed.ca\/es\/wp-json\/wp\/v2\/types\/product"}],"version-history":[{"count":0,"href":"https:\/\/westseed.ca\/es\/wp-json\/wp\/v2\/product\/2224\/revisions"}],"wp:featuredmedia":[{"embeddable":true,"href":"https:\/\/westseed.ca\/es\/wp-json\/wp\/v2\/media\/1717"}],"wp:attachment":[{"href":"https:\/\/westseed.ca\/es\/wp-json\/wp\/v2\/media?parent=2224"}],"wp:term":[{"taxonomy":"product_cat","embeddable":true,"href":"https:\/\/westseed.ca\/es\/wp-json\/wp\/v2\/product_cat?post=2224"},{"taxonomy":"product_tag","embeddable":true,"href":"https:\/\/westseed.ca\/es\/wp-json\/wp\/v2\/product_tag?post=2224"}],"curies":[{"name":"wp","href":"https:\/\/api.w.org\/{rel}","templated":true}]}}